{"id":129,"date":"2018-03-06T11:06:12","date_gmt":"2018-03-06T11:06:12","guid":{"rendered":"https:\/\/xml-io.proteusthemes.com\/woondershop-amazon\/?page_id=129"},"modified":"2024-03-30T09:58:17","modified_gmt":"2024-03-30T09:58:17","slug":"returns-policy","status":"publish","type":"page","link":"https:\/\/jttlogos.com\/vi\/chinh-sach-hoan-tra\/","title":{"rendered":"Ch\u00ednh s\u00e1ch ho\u00e0n tr\u1ea3"},"content":{"rendered":"<div class=\"row\"  id=\"row-2017092659\">\n\n\t<div id=\"col-285618417\" class=\"col small-12 large-12\"  >\n\t\t\t\t<div class=\"col-inner\"  >\n\t\t\t\n\t\t\t\n<p>\u0110i\u1ec1u n\u00e0y ph\u1ee5 thu\u1ed9c v\u00e0o chi\u1ebfn l\u01b0\u1ee3c b\u1ea1n tr\u1ea3 l\u1ea1i cho ch\u00fang t\u00f4i, gi\u1ea3 s\u1eed l\u00e0 chuy\u1ec3n ph\u00e1t nhanh v\u00e0 l\u00e0m theo, kho\u1ea3n gi\u1ea3m gi\u00e1 c\u1ee7a b\u1ea1n s\u1ebd \u0111\u01b0\u1ee3c x\u1eed l\u00fd trong t\u1ed1i \u0111a 3 ng\u00e0y sau khi ch\u00fang t\u00f4i nh\u1eadn l\u1ea1i. Qu\u00e1 tr\u00ecnh gi\u1ea3m gi\u00e1 t\u1ea1i nh\u00e0 m\u00e1y s\u1ebd m\u1ea5t t\u1ed1i \u0111a 21 ng\u00e0y, t\u1ee9c l\u00e0 14 ng\u00e0y b\u1ea1n quay l\u1ea1i v\u00e0 ch\u00fang t\u00f4i x\u1eed l\u00fd t\u1ed1i \u0111a 7 ng\u00e0y \u0111\u1ec3 n\u00f3 chuy\u1ec3n qua h\u1ec7 th\u1ed1ng ti\u1ebft ki\u1ec7m ti\u1ec1n. Vi\u1ec7c gi\u1ea3m gi\u00e1 s\u1ebd quay tr\u1edf l\u1ea1i v\u1edbi chi\u1ebfn l\u01b0\u1ee3c tr\u1ea3 g\u00f3p m\u00e0 b\u1ea1n \u0111\u00e3 s\u1eed d\u1ee5ng khi \u0111\u01b0a ra y\u00eau c\u1ea7u c\u1ee7a m\u00ecnh, sau khi ch\u00fang t\u00f4i ho\u00e0n th\u00e0nh c\u00f4ng vi\u1ec7c c\u1ee7a m\u00ecnh, b\u1ea1n s\u1ebd nh\u1eadn \u0111\u01b0\u1ee3c email x\u00e1c nh\u1eadn r\u1eb1ng n\u00f3 \u0111\u00e3 \u0111\u01b0\u1ee3c th\u1ef1c hi\u1ec7n. Trong tr\u01b0\u1eddng h\u1ee3p b\u1ea1n \u0111\u00e3 ch\u1edd h\u01a1n 14 ng\u00e0y m\u00e0 kh\u00f4ng nh\u1eadn \u0111\u01b0\u1ee3c email t\u1eeb ch\u00fang t\u00f4i t\u1ea1i th\u1eddi \u0111i\u1ec3m \u0111\u00f3, vui l\u00f2ng k\u1ebft n\u1ed1i b\u1eb1ng c\u00e1ch \u0111i t\u1edbi tab &#039;Li\u00ean h\u1ec7 v\u1edbi ch\u00fang t\u00f4i&#039; tr\u00ean trang n\u00e0y.<\/p>\n\t\t<\/div>\n\t\t\t\t\t<\/div>\n\n\t\n\n\t<div id=\"col-1494184563\" class=\"col small-12 large-12\"  >\n\t\t\t\t<div class=\"col-inner\"  >\n\t\t\t\n\t\t\t\n<div class=\"accordion\">\n\t<div id=\"accordion-2198936570\" class=\"accordion-item\">\n\t\t<a id=\"accordion-2198936570-label\" class=\"accordion-title plain\" href=\"#accordion-item-i-am-an-international-customer.-have-you-received-my-return?\" aria-expanded=\"false\" aria-controls=\"accordion-2198936570-content\" >\n\t\t\t<button class=\"toggle\" aria-label=\"Chuy\u1ec3n \u0111\u1ed5i\"><i class=\"icon-angle-down\"><\/i><\/button>\n\t\t\t<span>T\u00f4i l\u00e0 m\u1ed9t kh\u00e1ch h\u00e0ng qu\u1ed1c t\u1ebf. B\u1ea1n \u0111\u00e3 nh\u1eadn \u0111\u01b0\u1ee3c s\u1ef1 tr\u1edf l\u1ea1i c\u1ee7a t\u00f4i?<\/span>\n\t\t<\/a>\n\t\t<div id=\"accordion-2198936570-content\" class=\"accordion-inner\" aria-labelledby=\"accordion-2198936570-label\" >\n\t\t\t\n<p>Vui l\u00f2ng li\u00ean h\u1ec7 v\u1edbi nh\u00e2n vi\u00ean c\u1ee7a ch\u00fang t\u00f4i tr\u01b0\u1edbc khi tr\u1ea3 l\u1ea1i s\u1ea3n ph\u1ea9m. Khi trung t\u00e2m ph\u00e2n ph\u1ed1i c\u1ee7a ch\u00fang t\u00f4i nh\u1eadn \u0111\u01b0\u1ee3c ti\u1ec1n l\u00e3i c\u1ee7a b\u1ea1n, ch\u00fang t\u00f4i s\u1ebd g\u1eedi email cho b\u1ea1n. Ch\u00fang t\u00f4i s\u1ebd gi\u1ea3i quy\u1ebft trong v\u00f2ng 5-10 ng\u00e0y l\u00e0m vi\u1ec7c. N\u1ebfu b\u1ea1n tr\u1ea3 l\u1ea1i nhi\u1ec1u \u0111\u01a1n h\u00e0ng trong c\u00f9ng m\u1ed9t g\u00f3i h\u00e0ng, vui l\u00f2ng \u0111\u1ee3i t\u1ed1i \u0111a 24 gi\u1edd \u0111\u1ec3 t\u1ea5t c\u1ea3 c\u00e1c m\u1eb7t h\u00e0ng tr\u1ea3 l\u1ea1i \u0111\u01b0\u1ee3c x\u1eed l\u00fd. Th\u1eddi gian \u0111\u1ec3 g\u00f3i h\u00e0ng c\u1ee7a b\u1ea1n \u0111\u1ebfn tay ch\u00fang t\u00f4i s\u1ebd kh\u00e1c nhau t\u00f9y thu\u1ed9c v\u00e0o n\u01a1i b\u1ea1n g\u1eedi l\u1ea1i.<\/p>\n\t\t<\/div>\n\t<\/div>\n\t\n\t<div id=\"accordion-481321868\" class=\"accordion-item\">\n\t\t<a id=\"accordion-481321868-label\" class=\"accordion-title plain\" href=\"#accordion-item-what-is-your-international-returns-policy?\" aria-expanded=\"false\" aria-controls=\"accordion-481321868-content\" >\n\t\t\t<button class=\"toggle\" aria-label=\"Chuy\u1ec3n \u0111\u1ed5i\"><i class=\"icon-angle-down\"><\/i><\/button>\n\t\t\t<span>Ch\u00ednh s\u00e1ch ho\u00e0n tr\u1ea3 qu\u1ed1c t\u1ebf c\u1ee7a b\u1ea1n l\u00e0 g\u00ec?<\/span>\n\t\t<\/a>\n\t\t<div id=\"accordion-481321868-content\" class=\"accordion-inner\" aria-labelledby=\"accordion-481321868-label\" >\n\t\t\t\n<p>Sau khi trung t\u00e2m ph\u00e2n ph\u1ed1i c\u1ee7a ch\u00fang t\u00f4i nh\u1eadn \u0111\u01b0\u1ee3c ti\u1ec1n ho\u00e0n l\u1ea1i c\u1ee7a b\u1ea1n, ch\u00fang t\u00f4i s\u1ebd g\u1eedi email cho b\u1ea1n \u0111\u1ec3 th\u00f4ng b\u00e1o r\u1eb1ng kho\u1ea3n ti\u1ec1n ho\u00e0n l\u1ea1i c\u1ee7a b\u1ea1n \u0111\u00e3 \u0111\u01b0\u1ee3c ph\u00e1t h\u00e0nh. Sau \u0111\u00f3, c\u00f3 th\u1ec3 m\u1ea5t 5-10 ng\u00e0y l\u00e0m vi\u1ec7c \u0111\u1ec3 ti\u1ec1n xu\u1ea5t hi\u1ec7n trong t\u00e0i kho\u1ea3n c\u1ee7a b\u1ea1n. N\u1ebfu b\u1ea1n tr\u1ea3 l\u1ea1i nhi\u1ec1u \u0111\u01a1n h\u00e0ng trong c\u00f9ng m\u1ed9t g\u00f3i h\u00e0ng, vui l\u00f2ng \u0111\u1ee3i t\u1ed1i \u0111a 24 gi\u1edd \u0111\u1ec3 t\u1ea5t c\u1ea3 c\u00e1c m\u1eb7t h\u00e0ng tr\u1ea3 l\u1ea1i \u0111\u01b0\u1ee3c x\u1eed l\u00fd. Th\u1eddi gian \u0111\u1ec3 g\u00f3i h\u00e0ng c\u1ee7a b\u1ea1n \u0111\u1ebfn tay ch\u00fang t\u00f4i s\u1ebd kh\u00e1c nhau t\u00f9y thu\u1ed9c v\u00e0o n\u01a1i b\u1ea1n g\u1eedi l\u1ea1i.<\/p>\n\t\t<\/div>\n\t<\/div>\n\t\n\t<div id=\"accordion-3680392198\" class=\"accordion-item\">\n\t\t<a id=\"accordion-3680392198-label\" class=\"accordion-title plain\" href=\"#accordion-item-how-can-i-get-a-new-returns-note?\" aria-expanded=\"false\" aria-controls=\"accordion-3680392198-content\" >\n\t\t\t<button class=\"toggle\" aria-label=\"Chuy\u1ec3n \u0111\u1ed5i\"><i class=\"icon-angle-down\"><\/i><\/button>\n\t\t\t<span>L\u00e0m c\u00e1ch n\u00e0o t\u00f4i c\u00f3 th\u1ec3 nh\u1eadn \u0111\u01b0\u1ee3c phi\u1ebfu tr\u1ea3 h\u00e0ng m\u1edbi?<\/span>\n\t\t<\/a>\n\t\t<div id=\"accordion-3680392198-content\" class=\"accordion-inner\" aria-labelledby=\"accordion-3680392198-label\" >\n\t\t\t\n<p>Sau khi trung t\u00e2m ph\u00e2n ph\u1ed1i c\u1ee7a ch\u00fang t\u00f4i nh\u1eadn \u0111\u01b0\u1ee3c ti\u1ec1n ho\u00e0n l\u1ea1i c\u1ee7a b\u1ea1n, ch\u00fang t\u00f4i s\u1ebd g\u1eedi email cho b\u1ea1n \u0111\u1ec3 th\u00f4ng b\u00e1o r\u1eb1ng kho\u1ea3n ti\u1ec1n ho\u00e0n l\u1ea1i c\u1ee7a b\u1ea1n \u0111\u00e3 \u0111\u01b0\u1ee3c ph\u00e1t h\u00e0nh. Sau \u0111\u00f3, c\u00f3 th\u1ec3 m\u1ea5t 5-10 ng\u00e0y l\u00e0m vi\u1ec7c \u0111\u1ec3 ti\u1ec1n xu\u1ea5t hi\u1ec7n trong t\u00e0i kho\u1ea3n c\u1ee7a b\u1ea1n. N\u1ebfu b\u1ea1n tr\u1ea3 l\u1ea1i nhi\u1ec1u \u0111\u01a1n h\u00e0ng trong c\u00f9ng m\u1ed9t g\u00f3i h\u00e0ng, vui l\u00f2ng \u0111\u1ee3i t\u1ed1i \u0111a 24 gi\u1edd \u0111\u1ec3 t\u1ea5t c\u1ea3 c\u00e1c m\u1eb7t h\u00e0ng tr\u1ea3 l\u1ea1i \u0111\u01b0\u1ee3c x\u1eed l\u00fd. Th\u1eddi gian \u0111\u1ec3 g\u00f3i h\u00e0ng c\u1ee7a b\u1ea1n \u0111\u1ebfn tay ch\u00fang t\u00f4i s\u1ebd kh\u00e1c nhau t\u00f9y thu\u1ed9c v\u00e0o n\u01a1i b\u1ea1n g\u1eedi l\u1ea1i.<\/p>\n\t\t<\/div>\n\t<\/div>\n\t\n\t<div id=\"accordion-1100933732\" class=\"accordion-item\">\n\t\t<a id=\"accordion-1100933732-label\" class=\"accordion-title plain\" href=\"#accordion-item-what-should-i-do-if-my-order-hasn&#039;t-been-delivered-yet?\" aria-expanded=\"false\" aria-controls=\"accordion-1100933732-content\" >\n\t\t\t<button class=\"toggle\" aria-label=\"Chuy\u1ec3n \u0111\u1ed5i\"><i class=\"icon-angle-down\"><\/i><\/button>\n\t\t\t<span>T\u00f4i n\u00ean l\u00e0m g\u00ec n\u1ebfu \u0111\u01a1n h\u00e0ng c\u1ee7a t\u00f4i v\u1eabn ch\u01b0a \u0111\u01b0\u1ee3c giao?<\/span>\n\t\t<\/a>\n\t\t<div id=\"accordion-1100933732-content\" class=\"accordion-inner\" aria-labelledby=\"accordion-1100933732-label\" >\n\t\t\t\n<p>Sau khi trung t\u00e2m ph\u00e2n ph\u1ed1i c\u1ee7a ch\u00fang t\u00f4i nh\u1eadn \u0111\u01b0\u1ee3c ti\u1ec1n ho\u00e0n l\u1ea1i c\u1ee7a b\u1ea1n, ch\u00fang t\u00f4i s\u1ebd g\u1eedi email cho b\u1ea1n \u0111\u1ec3 th\u00f4ng b\u00e1o r\u1eb1ng kho\u1ea3n ti\u1ec1n ho\u00e0n l\u1ea1i c\u1ee7a b\u1ea1n \u0111\u00e3 \u0111\u01b0\u1ee3c ph\u00e1t h\u00e0nh. Sau \u0111\u00f3, c\u00f3 th\u1ec3 m\u1ea5t 5-10 ng\u00e0y l\u00e0m vi\u1ec7c \u0111\u1ec3 ti\u1ec1n xu\u1ea5t hi\u1ec7n trong t\u00e0i kho\u1ea3n c\u1ee7a b\u1ea1n. N\u1ebfu b\u1ea1n tr\u1ea3 l\u1ea1i nhi\u1ec1u \u0111\u01a1n h\u00e0ng trong c\u00f9ng m\u1ed9t g\u00f3i h\u00e0ng, vui l\u00f2ng \u0111\u1ee3i t\u1ed1i \u0111a 24 gi\u1edd \u0111\u1ec3 t\u1ea5t c\u1ea3 c\u00e1c m\u1eb7t h\u00e0ng tr\u1ea3 l\u1ea1i \u0111\u01b0\u1ee3c x\u1eed l\u00fd. Th\u1eddi gian \u0111\u1ec3 g\u00f3i h\u00e0ng c\u1ee7a b\u1ea1n \u0111\u1ebfn tay ch\u00fang t\u00f4i s\u1ebd kh\u00e1c nhau t\u00f9y thu\u1ed9c v\u00e0o n\u01a1i b\u1ea1n g\u1eedi l\u1ea1i.<\/p>\n\t\t<\/div>\n\t<\/div>\n\t\n\t<div id=\"accordion-3775588249\" class=\"accordion-item\">\n\t\t<a id=\"accordion-3775588249-label\" class=\"accordion-title plain\" href=\"#accordion-item-i&#039;m-an-international-customer.-how-do-i-return-something-to-you?\" aria-expanded=\"false\" aria-controls=\"accordion-3775588249-content\" >\n\t\t\t<button class=\"toggle\" aria-label=\"Chuy\u1ec3n \u0111\u1ed5i\"><i class=\"icon-angle-down\"><\/i><\/button>\n\t\t\t<span>T\u00f4i l\u00e0 kh\u00e1ch h\u00e0ng qu\u1ed1c t\u1ebf. L\u00e0m th\u1ebf n\u00e0o \u0111\u1ec3 t\u00f4i tr\u1ea3 l\u1ea1i m\u1ed9t c\u00e1i g\u00ec \u0111\u00f3 cho b\u1ea1n?<\/span>\n\t\t<\/a>\n\t\t<div id=\"accordion-3775588249-content\" class=\"accordion-inner\" aria-labelledby=\"accordion-3775588249-label\" >\n\t\t\t\n<p>Sau khi trung t\u00e2m ph\u00e2n ph\u1ed1i c\u1ee7a ch\u00fang t\u00f4i nh\u1eadn \u0111\u01b0\u1ee3c ti\u1ec1n ho\u00e0n l\u1ea1i c\u1ee7a b\u1ea1n, ch\u00fang t\u00f4i s\u1ebd g\u1eedi email cho b\u1ea1n \u0111\u1ec3 th\u00f4ng b\u00e1o r\u1eb1ng kho\u1ea3n ti\u1ec1n ho\u00e0n l\u1ea1i c\u1ee7a b\u1ea1n \u0111\u00e3 \u0111\u01b0\u1ee3c ph\u00e1t h\u00e0nh. Sau \u0111\u00f3, c\u00f3 th\u1ec3 m\u1ea5t 5-10 ng\u00e0y l\u00e0m vi\u1ec7c \u0111\u1ec3 ti\u1ec1n xu\u1ea5t hi\u1ec7n trong t\u00e0i kho\u1ea3n c\u1ee7a b\u1ea1n. N\u1ebfu b\u1ea1n tr\u1ea3 l\u1ea1i nhi\u1ec1u \u0111\u01a1n h\u00e0ng trong c\u00f9ng m\u1ed9t g\u00f3i h\u00e0ng, vui l\u00f2ng \u0111\u1ee3i t\u1ed1i \u0111a 24 gi\u1edd \u0111\u1ec3 t\u1ea5t c\u1ea3 c\u00e1c m\u1eb7t h\u00e0ng tr\u1ea3 l\u1ea1i \u0111\u01b0\u1ee3c x\u1eed l\u00fd. Th\u1eddi gian \u0111\u1ec3 g\u00f3i h\u00e0ng c\u1ee7a b\u1ea1n \u0111\u1ebfn tay ch\u00fang t\u00f4i s\u1ebd kh\u00e1c nhau t\u00f9y thu\u1ed9c v\u00e0o n\u01a1i b\u1ea1n g\u1eedi l\u1ea1i.<\/p>\n\t\t<\/div>\n\t<\/div>\n\t\n<\/div>\n\t\t<\/div>\n\t\t\t\t\t<\/div>\n\n\t\n<\/div>","protected":false},"excerpt":{"rendered":"","protected":false},"author":1,"featured_media":0,"parent":0,"menu_order":0,"comment_status":"closed","ping_status":"closed","template":"page-blank-title-center.php","meta":{"footnotes":""},"class_list":["post-129","page","type-page","status-publish","hentry"],"jetpack-related-posts":[],"jetpack_sharing_enabled":true,"_links":{"self":[{"href":"https:\/\/jttlogos.com\/vi\/wp-json\/wp\/v2\/pages\/129","targetHints":{"allow":["GET"]}}],"collection":[{"href":"https:\/\/jttlogos.com\/vi\/wp-json\/wp\/v2\/pages"}],"about":[{"href":"https:\/\/jttlogos.com\/vi\/wp-json\/wp\/v2\/types\/page"}],"author":[{"embeddable":true,"href":"https:\/\/jttlogos.com\/vi\/wp-json\/wp\/v2\/users\/1"}],"replies":[{"embeddable":true,"href":"https:\/\/jttlogos.com\/vi\/wp-json\/wp\/v2\/comments?post=129"}],"version-history":[{"count":0,"href":"https:\/\/jttlogos.com\/vi\/wp-json\/wp\/v2\/pages\/129\/revisions"}],"wp:attachment":[{"href":"https:\/\/jttlogos.com\/vi\/wp-json\/wp\/v2\/media?parent=129"}],"curies":[{"name":"wp","href":"https:\/\/api.w.org\/{rel}","templated":true}]}}