{"id":1883,"date":"2020-05-01T13:47:03","date_gmt":"2020-05-01T13:47:03","guid":{"rendered":"https:\/\/jttlogos.com\/?page_id=1883"},"modified":"2024-03-30T09:59:03","modified_gmt":"2024-03-30T09:59:03","slug":"taxes-policy","status":"publish","type":"page","link":"https:\/\/jttlogos.com\/vi\/chinh-sach-thue\/","title":{"rendered":"Ch\u00ednh s\u00e1ch thu\u1ebf"},"content":{"rendered":"<div class=\"row\"  id=\"row-1168849823\">\n\n\t<div id=\"col-1668211554\" class=\"col small-12 large-12\"  >\n\t\t\t\t<div class=\"col-inner\"  >\n\t\t\t\n\t\t\t\n<div class=\"accordion\">\n\t<div id=\"accordion-2455159926\" class=\"accordion-item\">\n\t\t<a id=\"accordion-2455159926-label\" class=\"accordion-title plain\" href=\"#accordion-item-do-you-charge-sales-tax?\" aria-expanded=\"false\" aria-controls=\"accordion-2455159926-content\" >\n\t\t\t<button class=\"toggle\" aria-label=\"Chuy\u1ec3n \u0111\u1ed5i\"><i class=\"icon-angle-down\"><\/i><\/button>\n\t\t\t<span>B\u1ea1n c\u00f3 t\u00ednh ph\u00ed thu\u1ebf b\u00e1n h\u00e0ng?<\/span>\n\t\t<\/a>\n\t\t<div id=\"accordion-2455159926-content\" class=\"accordion-inner\" aria-labelledby=\"accordion-2455159926-label\" >\n\t\t\t\n<p>Kh\u00f4ng. Tr\u00ean th\u1ebf gi\u1edbi kh\u00f4ng c\u00f3 thu\u1ebf b\u00e1n h\u00e0ng.<\/p>\n\t\t<\/div>\n\t<\/div>\n\t\n\t<div id=\"accordion-2601056960\" class=\"accordion-item\">\n\t\t<a id=\"accordion-2601056960-label\" class=\"accordion-title plain\" href=\"#accordion-item-do-you-charge-custom-taxes?\" aria-expanded=\"false\" aria-controls=\"accordion-2601056960-content\" >\n\t\t\t<button class=\"toggle\" aria-label=\"Chuy\u1ec3n \u0111\u1ed5i\"><i class=\"icon-angle-down\"><\/i><\/button>\n\t\t\t<span>B\u1ea1n c\u00f3 t\u00ednh thu\u1ebf t\u00f9y ch\u1ec9nh kh\u00f4ng?<\/span>\n\t\t<\/a>\n\t\t<div id=\"accordion-2601056960-content\" class=\"accordion-inner\" aria-labelledby=\"accordion-2601056960-label\" >\n\t\t\t\n<p>Kh\u00f4ng. Ch\u00fang t\u00f4i kh\u00f4ng t\u00ednh b\u1ea5t k\u1ef3 kho\u1ea3n thu\u1ebf t\u00f9y ch\u1ec9nh n\u00e0o. Xin l\u01b0u \u00fd r\u1eb1ng h\u1ea3i quan \u1edf c\u00e1c qu\u1ed1c gia kh\u00e1c nhau c\u00f3 th\u1ec3 t\u00ednh thu\u1ebf t\u00f9y ch\u1ec9nh cho b\u1ea1n. \u0110i\u1ec1u n\u00e0y n\u1eb1m ngo\u00e0i t\u1ea7m ki\u1ec3m so\u00e1t c\u1ee7a ch\u00fang t\u00f4i v\u00e0 ch\u00fang t\u00f4i kh\u00f4ng ph\u1ea3i tr\u1ea3 b\u1ea5t k\u1ef3 kho\u1ea3n thu\u1ebf h\u1ea3i quan n\u00e0o cho kh\u00e1ch h\u00e0ng c\u1ee7a m\u00ecnh.<\/p>\n\t\t<\/div>\n\t<\/div>\n\t\n\t<div id=\"accordion-246059411\" class=\"accordion-item\">\n\t\t<a id=\"accordion-246059411-label\" class=\"accordion-title plain\" href=\"#accordion-item-do-you-have-hidden-fees?\" aria-expanded=\"false\" aria-controls=\"accordion-246059411-content\" >\n\t\t\t<button class=\"toggle\" aria-label=\"Chuy\u1ec3n \u0111\u1ed5i\"><i class=\"icon-angle-down\"><\/i><\/button>\n\t\t\t<span>B\u1ea1n c\u00f3 ph\u00ed \u1ea9n kh\u00f4ng?<\/span>\n\t\t<\/a>\n\t\t<div id=\"accordion-246059411-content\" class=\"accordion-inner\" aria-labelledby=\"accordion-246059411-label\" >\n\t\t\t\n<p>Kh\u00f4ng. Gi\u00e1 b\u00e1n c\u1ee7a s\u1ea3n ph\u1ea9m l\u00e0 t\u1ed5ng s\u1ed1 ti\u1ec1n b\u1ea1n ph\u1ea3i tr\u1ea3.<\/p>\n\t\t<\/div>\n\t<\/div>\n\t\n\t<div id=\"accordion-2065520869\" class=\"accordion-item\">\n\t\t<a id=\"accordion-2065520869-label\" class=\"accordion-title plain\" href=\"#accordion-item-what-should-i-do-if-i-have-a-problem-with-taxes?\" aria-expanded=\"false\" aria-controls=\"accordion-2065520869-content\" >\n\t\t\t<button class=\"toggle\" aria-label=\"Chuy\u1ec3n \u0111\u1ed5i\"><i class=\"icon-angle-down\"><\/i><\/button>\n\t\t\t<span>T\u00f4i n\u00ean l\u00e0m g\u00ec n\u1ebfu g\u1eb7p v\u1ea5n \u0111\u1ec1 v\u1ec1 thu\u1ebf?<\/span>\n\t\t<\/a>\n\t\t<div id=\"accordion-2065520869-content\" class=\"accordion-inner\" aria-labelledby=\"accordion-2065520869-label\" >\n\t\t\t\n<p>Vui l\u00f2ng li\u00ean h\u1ec7 v\u1edbi ch\u00fang t\u00f4i v\u00e0 ch\u00fang t\u00f4i s\u1ebd c\u1ed1 g\u1eafng h\u1ebft s\u1ee9c \u0111\u1ec3 gi\u00fap b\u1ea1n.<\/p>\n\t\t<\/div>\n\t<\/div>\n\t\n<\/div>\n\t\t<\/div>\n\t\t\t\t\t<\/div>\n\n\t\n<\/div>","protected":false},"excerpt":{"rendered":"","protected":false},"author":1,"featured_media":0,"parent":0,"menu_order":0,"comment_status":"closed","ping_status":"closed","template":"page-blank-title-center.php","meta":{"footnotes":""},"class_list":["post-1883","page","type-page","status-publish","hentry"],"jetpack-related-posts":[],"jetpack_sharing_enabled":true,"_links":{"self":[{"href":"https:\/\/jttlogos.com\/vi\/wp-json\/wp\/v2\/pages\/1883","targetHints":{"allow":["GET"]}}],"collection":[{"href":"https:\/\/jttlogos.com\/vi\/wp-json\/wp\/v2\/pages"}],"about":[{"href":"https:\/\/jttlogos.com\/vi\/wp-json\/wp\/v2\/types\/page"}],"author":[{"embeddable":true,"href":"https:\/\/jttlogos.com\/vi\/wp-json\/wp\/v2\/users\/1"}],"replies":[{"embeddable":true,"href":"https:\/\/jttlogos.com\/vi\/wp-json\/wp\/v2\/comments?post=1883"}],"version-history":[{"count":0,"href":"https:\/\/jttlogos.com\/vi\/wp-json\/wp\/v2\/pages\/1883\/revisions"}],"wp:attachment":[{"href":"https:\/\/jttlogos.com\/vi\/wp-json\/wp\/v2\/media?parent=1883"}],"curies":[{"name":"wp","href":"https:\/\/api.w.org\/{rel}","templated":true}]}}