{"id":1892,"date":"2020-05-01T13:54:14","date_gmt":"2020-05-01T13:54:14","guid":{"rendered":"https:\/\/jttlogos.com\/?page_id=1892"},"modified":"2024-03-30T09:50:23","modified_gmt":"2024-03-30T09:50:23","slug":"about-payment-custom-metal-logo-stickers","status":"publish","type":"page","link":"https:\/\/jttlogos.com\/vi\/ve-thanh-toan-dan-logo-kim-loai-tuy-chinh\/","title":{"rendered":"V\u1ec1 thanh to\u00e1n"},"content":{"rendered":"<div class=\"row\"  id=\"row-1707028955\">\n\n\t<div id=\"col-467623252\" class=\"col small-12 large-12\"  >\n\t\t\t\t<div class=\"col-inner\"  >\n\t\t\t\n\t\t\t\n<div class=\"accordion\">\n\t<div id=\"accordion-575809194\" class=\"accordion-item\">\n\t\t<a id=\"accordion-575809194-label\" class=\"accordion-title plain\" href=\"#accordion-item-how-do-i-pay-for-my-order?\" aria-expanded=\"false\" aria-controls=\"accordion-575809194-content\" >\n\t\t\t<button class=\"toggle\" aria-label=\"Chuy\u1ec3n \u0111\u1ed5i\"><i class=\"icon-angle-down\"><\/i><\/button>\n\t\t\t<span>L\u00e0m c\u00e1ch n\u00e0o \u0111\u1ec3 thanh to\u00e1n cho \u0111\u01a1n h\u00e0ng c\u1ee7a t\u00f4i?<\/span>\n\t\t<\/a>\n\t\t<div id=\"accordion-575809194-content\" class=\"accordion-inner\" aria-labelledby=\"accordion-575809194-label\" >\n\t\t\t\n<p>Thanh to\u00e1n b\u1eb1ng th\u1ebb t\u00edn d\u1ee5ng, Paypal, Chuy\u1ec3n kho\u1ea3n ng\u00e2n h\u00e0ng, Western Union, L\u1ec7nh b\u1ea3o \u0111\u1ea3m th\u01b0\u01a1ng m\u1ea1i c\u1ee7a Alibaba, L\/C, T\/T, v.v.<\/p>\n\t\t<\/div>\n\t<\/div>\n\t\n\t<div id=\"accordion-3465955990\" class=\"accordion-item\">\n\t\t<a id=\"accordion-3465955990-label\" class=\"accordion-title plain\" href=\"#accordion-item-what-currency-can-i-use?\" aria-expanded=\"false\" aria-controls=\"accordion-3465955990-content\" >\n\t\t\t<button class=\"toggle\" aria-label=\"Chuy\u1ec3n \u0111\u1ed5i\"><i class=\"icon-angle-down\"><\/i><\/button>\n\t\t\t<span>T\u00f4i c\u00f3 th\u1ec3 s\u1eed d\u1ee5ng lo\u1ea1i ti\u1ec1n t\u1ec7 n\u00e0o?<\/span>\n\t\t<\/a>\n\t\t<div id=\"accordion-3465955990-content\" class=\"accordion-inner\" aria-labelledby=\"accordion-3465955990-label\" >\n\t\t\t\n<p>\u0110\u00f4 la M\u1ef9<\/p>\n\t\t<\/div>\n\t<\/div>\n\t\n\t<div id=\"accordion-1022137939\" class=\"accordion-item\">\n\t\t<a id=\"accordion-1022137939-label\" class=\"accordion-title plain\" href=\"#accordion-item-what-payment-methods-do-you-accept?\" aria-expanded=\"false\" aria-controls=\"accordion-1022137939-content\" >\n\t\t\t<button class=\"toggle\" aria-label=\"Chuy\u1ec3n \u0111\u1ed5i\"><i class=\"icon-angle-down\"><\/i><\/button>\n\t\t\t<span>Ph\u01b0\u01a1ng th\u1ee9c thanh t\u00f3an n\u00e0o \u0111\u01b0\u1ee3c ch\u1ea5p nh\u1eadn?<\/span>\n\t\t<\/a>\n\t\t<div id=\"accordion-1022137939-content\" class=\"accordion-inner\" aria-labelledby=\"accordion-1022137939-label\" >\n\t\t\t\n<p>Thanh to\u00e1n b\u1eb1ng th\u1ebb t\u00edn d\u1ee5ng, Paypal, Chuy\u1ec3n kho\u1ea3n ng\u00e2n h\u00e0ng, Western Union, L\u1ec7nh b\u1ea3o \u0111\u1ea3m th\u01b0\u01a1ng m\u1ea1i c\u1ee7a Alibaba, L\/C, T\/T, v.v.<\/p>\n\t\t<\/div>\n\t<\/div>\n\t\n\t<div id=\"accordion-3003768933\" class=\"accordion-item\">\n\t\t<a id=\"accordion-3003768933-label\" class=\"accordion-title plain\" href=\"#accordion-item-what-if-my-payment-fails?\" aria-expanded=\"false\" aria-controls=\"accordion-3003768933-content\" >\n\t\t\t<button class=\"toggle\" aria-label=\"Chuy\u1ec3n \u0111\u1ed5i\"><i class=\"icon-angle-down\"><\/i><\/button>\n\t\t\t<span>N\u1ebfu thanh to\u00e1n c\u1ee7a t\u00f4i kh\u00f4ng th\u00e0nh c\u00f4ng th\u00ec sao?<\/span>\n\t\t<\/a>\n\t\t<div id=\"accordion-3003768933-content\" class=\"accordion-inner\" aria-labelledby=\"accordion-3003768933-label\" >\n\t\t\t\n<p>Ch\u00fang t\u00f4i s\u1ebd gi\u00fap b\u1ea1n l\u1ea5y l\u1ea1i ti\u1ec1n v\u1ec1 t\u00e0i kho\u1ea3n c\u1ee7a m\u00ecnh.<\/p>\n\t\t<\/div>\n\t<\/div>\n\t\n<\/div>\n\t\t<\/div>\n\t\t\t\t\t<\/div>\n\n\t\n<\/div>","protected":false},"excerpt":{"rendered":"","protected":false},"author":1,"featured_media":1933,"parent":0,"menu_order":0,"comment_status":"closed","ping_status":"closed","template":"page-blank-title-center.php","meta":{"footnotes":""},"class_list":["post-1892","page","type-page","status-publish","has-post-thumbnail","hentry"],"jetpack-related-posts":[],"jetpack_sharing_enabled":true,"_links":{"self":[{"href":"https:\/\/jttlogos.com\/vi\/wp-json\/wp\/v2\/pages\/1892","targetHints":{"allow":["GET"]}}],"collection":[{"href":"https:\/\/jttlogos.com\/vi\/wp-json\/wp\/v2\/pages"}],"about":[{"href":"https:\/\/jttlogos.com\/vi\/wp-json\/wp\/v2\/types\/page"}],"author":[{"embeddable":true,"href":"https:\/\/jttlogos.com\/vi\/wp-json\/wp\/v2\/users\/1"}],"replies":[{"embeddable":true,"href":"https:\/\/jttlogos.com\/vi\/wp-json\/wp\/v2\/comments?post=1892"}],"version-history":[{"count":0,"href":"https:\/\/jttlogos.com\/vi\/wp-json\/wp\/v2\/pages\/1892\/revisions"}],"wp:featuredmedia":[{"embeddable":true,"href":"https:\/\/jttlogos.com\/vi\/wp-json\/wp\/v2\/media\/1933"}],"wp:attachment":[{"href":"https:\/\/jttlogos.com\/vi\/wp-json\/wp\/v2\/media?parent=1892"}],"curies":[{"name":"wp","href":"https:\/\/api.w.org\/{rel}","templated":true}]}}