{"id":2176,"date":"2020-05-04T11:49:26","date_gmt":"2020-05-04T11:49:26","guid":{"rendered":"https:\/\/jttlogos.com\/?page_id=2176"},"modified":"2024-03-30T09:53:35","modified_gmt":"2024-03-30T09:53:35","slug":"cach-mua-mau","status":"publish","type":"page","link":"https:\/\/jttlogos.com\/vi\/how-to-buy-samples\/","title":{"rendered":"L\u00e0m th\u1ebf n\u00e0o \u0111\u1ec3 mua m\u1eabu?"},"content":{"rendered":"<div id=\"pl-2176\" class=\"panel-layout\">\n<div id=\"pg-2176-0\" class=\"panel-grid panel-no-style\">\n<div id=\"pgc-2176-0-0\" class=\"panel-grid-cell\" data-weight=\"1\">\n<div id=\"panel-2176-0-0-0\" class=\"so-panel widget widget_sow-editor panel-first-child panel-last-child\" data-index=\"0\" data-style=\"{&quot;background_image_attachment&quot;:false,&quot;background_display&quot;:&quot;tile&quot;}\">\n<div class=\"so-widget-sow-editor so-widget-sow-editor-base\">\n<div class=\"siteorigin-widget-tinymce textwidget\">\n<p>N\u1ebfu kh\u00e1ch h\u00e0ng mu\u1ed1n l\u1ea5y m\u1eabu t\u01b0\u01a1ng t\u1ef1 \u0111\u1ec3 xem ch\u1ea5t l\u01b0\u1ee3ng v\u00e0 ki\u1ec3m tra th\u00ec mi\u1ec5n ph\u00ed.<\/p>\n<p>Tuy nhi\u00ean, kh\u00e1ch h\u00e0ng c\u1ea7n ph\u1ea3i tr\u1ea3 ph\u00ed chuy\u1ec3n ph\u00e1t nhanh kho\u1ea3ng 15-20usd. N\u1ebfu kh\u00e1ch h\u00e0ng c\u00f3 t\u00e0i kho\u1ea3n chuy\u1ec3n ph\u00e1t nhanh nh\u01b0 DHL th\u00ec t\u00e0i kho\u1ea3n c\u1ee7a kh\u00e1ch h\u00e0ng c\u00f3 th\u1ec3 s\u1eed d\u1ee5ng tr\u1ef1c ti\u1ebfp nh\u01b0ng c\u00f3 th\u1ec3 cao h\u01a1n gi\u00e1 c\u1ee7a ch\u00fang t\u00f4i (15-20usd) nh\u01b0ng s\u1ebd nhanh h\u01a1n. N\u1ebfu ch\u00fang t\u00f4i g\u1eedi m\u1eabu, s\u1ebd m\u1ea5t kho\u1ea3ng 5 - 7 ng\u00e0y \u0111\u1ec3 \u0111\u1ebfn tay b\u1ea1n.<\/p>\n<p>Xin vui l\u00f2ng li\u00ean h\u1ec7 v\u1edbi ch\u00fang t\u00f4i \u0111\u1ec3 bi\u1ebft th\u00eam chi ti\u1ebft.<\/p>\n<p>E-mail: <a href=\"mailto:shirlyn@jttlogo.net\" data-abc=\"true\">shirlyn@jttlogo.net<\/a><br \/>WhatsApp: +86 13244758861<\/p>\n<p>\u00a0<\/p>\n<\/div>\n<\/div>\n<\/div>\n<\/div>\n<\/div>\n<\/div>","protected":false},"excerpt":{"rendered":"<p>If the customer wants a similar sample to see the quality and test, it is free. However, the customer needs to pay a courier fee of about 15-20usd. If the customer has a courier account such as DHL, the customer&#8217;s account can be used directly, but it may be higher than our price (15-20usd), but [&#8230;]\n","protected":false},"author":1,"featured_media":0,"parent":0,"menu_order":0,"comment_status":"closed","ping_status":"closed","template":"page-blank-title-center.php","meta":{"footnotes":""},"class_list":["post-2176","page","type-page","status-publish","hentry"],"jetpack-related-posts":[],"jetpack_sharing_enabled":true,"_links":{"self":[{"href":"https:\/\/jttlogos.com\/vi\/wp-json\/wp\/v2\/pages\/2176","targetHints":{"allow":["GET"]}}],"collection":[{"href":"https:\/\/jttlogos.com\/vi\/wp-json\/wp\/v2\/pages"}],"about":[{"href":"https:\/\/jttlogos.com\/vi\/wp-json\/wp\/v2\/types\/page"}],"author":[{"embeddable":true,"href":"https:\/\/jttlogos.com\/vi\/wp-json\/wp\/v2\/users\/1"}],"replies":[{"embeddable":true,"href":"https:\/\/jttlogos.com\/vi\/wp-json\/wp\/v2\/comments?post=2176"}],"version-history":[{"count":0,"href":"https:\/\/jttlogos.com\/vi\/wp-json\/wp\/v2\/pages\/2176\/revisions"}],"wp:attachment":[{"href":"https:\/\/jttlogos.com\/vi\/wp-json\/wp\/v2\/media?parent=2176"}],"curies":[{"name":"wp","href":"https:\/\/api.w.org\/{rel}","templated":true}]}}