{"id":2179,"date":"2020-05-04T11:53:35","date_gmt":"2020-05-04T11:53:35","guid":{"rendered":"https:\/\/jttlogos.com\/?page_id=2179"},"modified":"2024-03-30T09:52:12","modified_gmt":"2024-03-30T09:52:12","slug":"lam-the-nao-de-dat-hang","status":"publish","type":"page","link":"https:\/\/jttlogos.com\/vi\/how-to-place-an-order\/","title":{"rendered":"L\u00e0m th\u1ebf n\u00e0o \u0111\u1ec3 \u0111\u1eb7t h\u00e0ng?"},"content":{"rendered":"<div id=\"pl-2179\"  class=\"panel-layout\" >\n<div id=\"pg-2179-0\"  class=\"panel-grid panel-no-style\" >\n<div id=\"pgc-2179-0-0\"  class=\"panel-grid-cell\"  data-weight=\"1\" >\n<div id=\"panel-2179-0-0-0\" class=\"so-panel widget widget_sow-editor panel-first-child panel-last-child\" data-index=\"0\" data-style=\"{&quot;background_image_attachment&quot;:false,&quot;background_display&quot;:&quot;tile&quot;}\" >\n<div class=\"so-widget-sow-editor so-widget-sow-editor-base\">\n<div class=\"siteorigin-widget-tinymce textwidget\">\n<p>1. Vui l\u00f2ng g\u1eedi email cho ch\u00fang t\u00f4i th\u00f4ng tin chi ti\u1ebft v\u1ec1 s\u1ea3n ph\u1ea9m c\u1ee7a b\u1ea1n, ch\u1eb3ng h\u1ea1n nh\u01b0 thi\u1ebft k\u1ebf, k\u00edch th\u01b0\u1edbc, s\u1ed1 l\u01b0\u1ee3ng, v.v. N\u1ebfu c\u00f3 tr\u01b0\u1eddng h\u1ee3p kh\u1ea9n c\u1ea5p, b\u1ea1n c\u0169ng c\u00f3 th\u1ec3 g\u1ecdi cho ch\u00fang t\u00f4i ho\u1eb7c tr\u00f2 chuy\u1ec7n v\u1edbi ch\u00fang t\u00f4i tr\u00ean WhatsApp.<\/p>\n<p>2. Ch\u00fang t\u00f4i s\u1ebd cung c\u1ea5p cho b\u1ea1n b\u00e1o gi\u00e1 sau khi x\u00e1c nh\u1eadn chi ti\u1ebft s\u1ea3n ph\u1ea9m.<\/p>\n<p>3. N\u1ebfu gi\u00e1 ph\u00f9 h\u1ee3p, ch\u00fang t\u00f4i c\u00f3 th\u1ec3 b\u1eaft \u0111\u1ea7u t\u1ea1o m\u1eabu, qu\u00e1 tr\u00ecnh n\u00e0y s\u1ebd m\u1ea5t kho\u1ea3ng 3 - 7 ng\u00e0y v\u00e0 sau \u0111\u00f3 n\u00f3 s\u1ebd \u0111\u01b0\u1ee3c giao cho b\u1ea1n sau 5 - 7 ng\u00e0y. N\u1ebfu c\u1ea7n, ch\u00fang t\u00f4i c\u00f3 th\u1ec3 g\u1eedi \u1ea3nh cho b\u1ea1n x\u00e1c nh\u1eadn tr\u01b0\u1edbc khi v\u1eadn chuy\u1ec3n. N\u1ebfu c\u00f3 v\u1ea5n \u0111\u1ec1 g\u00ec ch\u00fang t\u00f4i s\u1ebd s\u1eeda \u0111\u1ed5i tr\u01b0\u1edbc khi v\u1eadn chuy\u1ec3n, b\u1ea1n c\u00f3 th\u1ec3 y\u00ean t\u00e2m.<\/p>\n<p>4. Khi b\u1ea1n nh\u1eadn \u0111\u01b0\u1ee3c m\u1eabu, vui l\u00f2ng ki\u1ec3m tra thi\u1ebft k\u1ebf v\u00e0 ch\u1ea5t l\u01b0\u1ee3ng. N\u1ebfu m\u1ecdi th\u1ee9 \u0111\u1ec1u \u1ed5n, ch\u00fang t\u00f4i c\u00f3 th\u1ec3 b\u1eaft \u0111\u1ea7u s\u1ea3n xu\u1ea5t h\u00e0ng lo\u1ea1t. Ch\u00fang t\u00f4i s\u1ebd t\u1ea1o PI cho b\u1ea1n v\u00e0 b\u1ea1n c\u00f3 th\u1ec3 tr\u1ea3 30% d\u01b0\u1edbi d\u1ea1ng ti\u1ec1n \u0111\u1eb7t c\u1ecdc.<\/p>\n<p>5. Sau khi ho\u00e0n th\u00e0nh qu\u00e1 tr\u00ecnh s\u1ea3n xu\u1ea5t, ch\u00fang t\u00f4i s\u1ebd ch\u1ee5p \u1ea3nh v\u00e0 g\u1eedi video cho b\u1ea1n \u0111\u1ec3 b\u1ea1n x\u00e1c nh\u1eadn. V\u00e0 thanh to\u00e1n s\u1ed1 d\u01b0 70% tr\u01b0\u1edbc khi giao h\u00e0ng.<\/p>\n<\/div>\n<\/div>\n<\/div>\n<\/div>\n<\/div>\n<\/div>","protected":false},"excerpt":{"rendered":"<p>1. Please email us your product details, such as design, size, quantity, etc. If there is an emergency, you can also call us or chat with us on WhatsApp. 2. We will give you a quotation after confirming the product details. 3. If the price is right, we can start to make the sample, which [&#8230;]\n","protected":false},"author":1,"featured_media":0,"parent":0,"menu_order":0,"comment_status":"closed","ping_status":"closed","template":"page-blank-title-center.php","meta":{"footnotes":""},"class_list":["post-2179","page","type-page","status-publish","hentry"],"jetpack-related-posts":[],"jetpack_sharing_enabled":true,"_links":{"self":[{"href":"https:\/\/jttlogos.com\/vi\/wp-json\/wp\/v2\/pages\/2179","targetHints":{"allow":["GET"]}}],"collection":[{"href":"https:\/\/jttlogos.com\/vi\/wp-json\/wp\/v2\/pages"}],"about":[{"href":"https:\/\/jttlogos.com\/vi\/wp-json\/wp\/v2\/types\/page"}],"author":[{"embeddable":true,"href":"https:\/\/jttlogos.com\/vi\/wp-json\/wp\/v2\/users\/1"}],"replies":[{"embeddable":true,"href":"https:\/\/jttlogos.com\/vi\/wp-json\/wp\/v2\/comments?post=2179"}],"version-history":[{"count":0,"href":"https:\/\/jttlogos.com\/vi\/wp-json\/wp\/v2\/pages\/2179\/revisions"}],"wp:attachment":[{"href":"https:\/\/jttlogos.com\/vi\/wp-json\/wp\/v2\/media?parent=2179"}],"curies":[{"name":"Trang web","href":"https:\/\/api.w.org\/{rel}","templated":true}]}}