{"id":2181,"date":"2020-05-04T11:57:15","date_gmt":"2020-05-04T11:57:15","guid":{"rendered":"https:\/\/jttlogos.com\/?page_id=2181"},"modified":"2024-03-30T09:53:43","modified_gmt":"2024-03-30T09:53:43","slug":"how-to-place-a-sample-order","status":"publish","type":"page","link":"https:\/\/jttlogos.com\/vi\/cach-dat-hang-mau\/","title":{"rendered":"L\u00e0m th\u1ebf n\u00e0o \u0111\u1ec3 \u0111\u1eb7t h\u00e0ng m\u1eabu?"},"content":{"rendered":"<div id=\"pl-2181\"  class=\"panel-layout\" >\n<div id=\"pg-2181-0\"  class=\"panel-grid panel-no-style\" >\n<div id=\"pgc-2181-0-0\"  class=\"panel-grid-cell\"  data-weight=\"1\" >\n<div id=\"panel-2181-0-0-0\" class=\"so-panel widget widget_sow-editor panel-first-child panel-last-child\" data-index=\"0\" data-style=\"{&quot;background_image_attachment&quot;:false,&quot;background_display&quot;:&quot;tile&quot;}\" >\n<div class=\"so-widget-sow-editor so-widget-sow-editor-base\">\n<div class=\"siteorigin-widget-tinymce textwidget\">\n<p>1. Ch\u00fang t\u00f4i c\u1ea7n t\u1ec7p vect\u01a1 PDF, AI, CAD, CDR, v.v.<\/p>\n<p>2. B\u1ea1n c\u1ea7n ph\u1ea3i tr\u1ea3 ph\u00ed m\u1eabu, v\u00e0 sau \u0111\u00f3 ch\u00fang t\u00f4i c\u1ea7n 3 - 7 ng\u00e0y \u0111\u1ec3 t\u1ea1o m\u1eabu.<\/p>\n<p>3. Ch\u00fang t\u00f4i c\u00f3 th\u1ec3 g\u1eedi \u1ea3nh cho b\u1ea1n \u0111\u1ec3 x\u00e1c nh\u1eadn tr\u01b0\u1edbc khi v\u1eadn chuy\u1ec3n.<\/p>\n<\/div>\n<\/div>\n<\/div>\n<\/div>\n<\/div>\n<\/div>","protected":false},"excerpt":{"rendered":"<p>1. Ch\u00fang t\u00f4i c\u1ea7n t\u1ec7p vect\u01a1 PDF, AI, CAD, CDR, v.v. 2. B\u1ea1n c\u1ea7n ph\u1ea3i tr\u1ea3 ph\u00ed m\u1eabu, v\u00e0 sau \u0111\u00f3 ch\u00fang t\u00f4i c\u1ea7n 3 - 7 ng\u00e0y \u0111\u1ec3 t\u1ea1o m\u1eabu. 3. Ch\u00fang t\u00f4i c\u00f3 th\u1ec3 g\u1eedi \u1ea3nh cho b\u1ea1n \u0111\u1ec3 x\u00e1c nh\u1eadn tr\u01b0\u1edbc khi v\u1eadn chuy\u1ec3n.<\/p>","protected":false},"author":1,"featured_media":0,"parent":0,"menu_order":0,"comment_status":"closed","ping_status":"closed","template":"page-blank-title-center.php","meta":{"footnotes":""},"class_list":["post-2181","page","type-page","status-publish","hentry"],"jetpack-related-posts":[],"jetpack_sharing_enabled":true,"_links":{"self":[{"href":"https:\/\/jttlogos.com\/vi\/wp-json\/wp\/v2\/pages\/2181","targetHints":{"allow":["GET"]}}],"collection":[{"href":"https:\/\/jttlogos.com\/vi\/wp-json\/wp\/v2\/pages"}],"about":[{"href":"https:\/\/jttlogos.com\/vi\/wp-json\/wp\/v2\/types\/page"}],"author":[{"embeddable":true,"href":"https:\/\/jttlogos.com\/vi\/wp-json\/wp\/v2\/users\/1"}],"replies":[{"embeddable":true,"href":"https:\/\/jttlogos.com\/vi\/wp-json\/wp\/v2\/comments?post=2181"}],"version-history":[{"count":0,"href":"https:\/\/jttlogos.com\/vi\/wp-json\/wp\/v2\/pages\/2181\/revisions"}],"wp:attachment":[{"href":"https:\/\/jttlogos.com\/vi\/wp-json\/wp\/v2\/media?parent=2181"}],"curies":[{"name":"wp","href":"https:\/\/api.w.org\/{rel}","templated":true}]}}