{"id":3,"date":"2020-04-28T14:09:18","date_gmt":"2020-04-28T14:09:18","guid":{"rendered":"https:\/\/jttlogos.com\/?page_id=3"},"modified":"2024-03-30T09:55:22","modified_gmt":"2024-03-30T09:55:22","slug":"privacy-policy","status":"publish","type":"page","link":"https:\/\/jttlogos.com\/vi\/chinh-sach-bao-mat\/","title":{"rendered":"Ch\u00ednh s\u00e1ch b\u1ea3o m\u1eadt"},"content":{"rendered":"<p>Ch\u00ednh s\u00e1ch quy\u1ec1n ri\u00eang t\u01b0 n\u00e0y m\u00f4 t\u1ea3 c\u00e1ch thu th\u1eadp, s\u1eed d\u1ee5ng v\u00e0 chia s\u1ebb th\u00f4ng tin c\u00e1 nh\u00e2n c\u1ee7a b\u1ea1n khi b\u1ea1n truy c\u1eadp ho\u1eb7c mua h\u00e0ng tr\u00ean ch\u00fang t\u00f4i.&nbsp;<\/p>\r\n\r\n\r\n\r\n<p>TH\u00d4NG TIN C\u00c1 NH\u00c2N CH\u00daNG T\u00d4I THU TH\u1eacP<br>Khi b\u1ea1n truy c\u1eadp Trang web, ch\u00fang t\u00f4i s\u1ebd t\u1ef1 \u0111\u1ed9ng thu th\u1eadp m\u1ed9t s\u1ed1 th\u00f4ng tin nh\u1ea5t \u0111\u1ecbnh v\u1ec1 thi\u1ebft b\u1ecb c\u1ee7a b\u1ea1n, bao g\u1ed3m th\u00f4ng tin v\u1ec1 tr\u00ecnh duy\u1ec7t web, \u0111\u1ecba ch\u1ec9 IP, m\u00fai gi\u1edd v\u00e0 m\u1ed9t s\u1ed1 cookie \u0111\u01b0\u1ee3c c\u00e0i \u0111\u1eb7t tr\u00ean thi\u1ebft b\u1ecb c\u1ee7a b\u1ea1n. Ngo\u00e0i ra, khi b\u1ea1n duy\u1ec7t Trang web, ch\u00fang t\u00f4i thu th\u1eadp th\u00f4ng tin v\u1ec1 t\u1eebng trang web ho\u1eb7c s\u1ea3n ph\u1ea9m m\u00e0 b\u1ea1n xem, trang web ho\u1eb7c c\u1ee5m t\u1eeb t\u00ecm ki\u1ebfm n\u00e0o \u0111\u00e3 gi\u1edbi thi\u1ec7u b\u1ea1n \u0111\u1ebfn Trang web v\u00e0 th\u00f4ng tin v\u1ec1 c\u00e1ch b\u1ea1n t\u01b0\u01a1ng t\u00e1c v\u1edbi Trang web. Ch\u00fang t\u00f4i g\u1ecdi th\u00f4ng tin \u0111\u01b0\u1ee3c thu th\u1eadp t\u1ef1 \u0111\u1ed9ng n\u00e0y l\u00e0 \u201cTh\u00f4ng tin thi\u1ebft b\u1ecb\u201d.&nbsp;<\/p>\r\n\r\n\r\n\r\n<p>TH\u00d4NG TIN THI\u1ebeT B\u1eca CH\u00daNG T\u00d4I THU TH\u1eacP<br>\u2013 \u201cCookie\u201d l\u00e0 c\u00e1c t\u1ec7p d\u1eef li\u1ec7u \u0111\u01b0\u1ee3c \u0111\u1eb7t tr\u00ean thi\u1ebft b\u1ecb ho\u1eb7c m\u00e1y t\u00ednh c\u1ee7a b\u1ea1n v\u00e0 th\u01b0\u1eddng bao g\u1ed3m m\u1ed9t m\u00e3 \u0111\u1ecbnh danh duy nh\u1ea5t \u1ea9n danh.&nbsp;<br>\u2013 \u201cT\u1ec7p nh\u1eadt k\u00fd\u201d theo d\u00f5i c\u00e1c h\u00e0nh \u0111\u1ed9ng x\u1ea3y ra tr\u00ean Trang web v\u00e0 thu th\u1eadp d\u1eef li\u1ec7u bao g\u1ed3m \u0111\u1ecba ch\u1ec9 IP, lo\u1ea1i tr\u00ecnh duy\u1ec7t, nh\u00e0 cung c\u1ea5p d\u1ecbch v\u1ee5 Internet, trang gi\u1edbi thi\u1ec7u\/tho\u00e1t v\u00e0 d\u1ea5u ng\u00e0y\/gi\u1edd.<br>\u2013 \u201c\u0110\u00e8n hi\u1ec7u Web\u201d, \u201cth\u1ebb\u201d v\u00e0 \u201cpixel\u201d l\u00e0 c\u00e1c t\u1ec7p \u0111i\u1ec7n t\u1eed \u0111\u01b0\u1ee3c s\u1eed d\u1ee5ng \u0111\u1ec3 ghi l\u1ea1i th\u00f4ng tin v\u1ec1 c\u00e1ch b\u1ea1n duy\u1ec7t Trang web.<\/p>\r\n\r\n\r\n\r\n<p>TH\u00d4NG TIN \u0110\u1eb6T H\u00c0NG CH\u00daNG T\u00d4I THU TH\u1eacP<br>Ngo\u00e0i ra, khi b\u1ea1n mua h\u00e0ng ho\u1eb7c c\u1ed1 g\u1eafng mua h\u00e0ng qua Trang web, ch\u00fang t\u00f4i s\u1ebd thu th\u1eadp m\u1ed9t s\u1ed1 th\u00f4ng tin nh\u1ea5t \u0111\u1ecbnh t\u1eeb b\u1ea1n, bao g\u1ed3m t\u00ean, \u0111\u1ecba ch\u1ec9 thanh to\u00e1n, \u0111\u1ecba ch\u1ec9 giao h\u00e0ng, th\u00f4ng tin thanh to\u00e1n (bao g\u1ed3m s\u1ed1 th\u1ebb t\u00edn d\u1ee5ng, \u0111\u1ecba ch\u1ec9 email v\u00e0 s\u1ed1 \u0111i\u1ec7n tho\u1ea1i. Ch\u00fang t\u00f4i \u0111\u1ec1 c\u1eadp \u0111\u1ebfn g\u1ecdi th\u00f4ng tin n\u00e0y l\u00e0 \u201cTh\u00f4ng tin \u0111\u1eb7t h\u00e0ng\u201d.&nbsp;<\/p>\r\n\r\n\r\n\r\n<p>Khi ch\u00fang t\u00f4i n\u00f3i v\u1ec1 \u201cTh\u00f4ng tin c\u00e1 nh\u00e2n\u201d trong Ch\u00ednh s\u00e1ch quy\u1ec1n ri\u00eang t\u01b0 n\u00e0y, ch\u00fang t\u00f4i \u0111ang n\u00f3i v\u1ec1 c\u1ea3 Th\u00f4ng tin thi\u1ebft b\u1ecb v\u00e0 Th\u00f4ng tin \u0111\u1eb7t h\u00e0ng.&nbsp;<\/p>\r\n\r\n\r\n\r\n<p>CH\u00daNG TA S\u1eec D\u1ee4NG TH\u00d4NG TIN C\u00c1 NH\u00c2N C\u1ee6A B\u1ea0N NH\u01af TH\u1ebe N\u00c0O \u0110\u00c2Y?<br>Ch\u00fang t\u00f4i s\u1eed d\u1ee5ng Th\u00f4ng tin \u0111\u1eb7t h\u00e0ng m\u00e0 ch\u00fang t\u00f4i thu th\u1eadp n\u00f3i chung \u0111\u1ec3 th\u1ef1c hi\u1ec7n b\u1ea5t k\u1ef3 \u0111\u01a1n \u0111\u1eb7t h\u00e0ng n\u00e0o \u0111\u01b0\u1ee3c \u0111\u1eb7t qua Trang web (bao g\u1ed3m x\u1eed l\u00fd th\u00f4ng tin thanh to\u00e1n c\u1ee7a b\u1ea1n, s\u1eafp x\u1ebfp v\u1eadn chuy\u1ec3n v\u00e0 cung c\u1ea5p cho b\u1ea1n h\u00f3a \u0111\u01a1n v\u00e0\/ho\u1eb7c x\u00e1c nh\u1eadn \u0111\u01a1n h\u00e0ng). Ngo\u00e0i ra, ch\u00fang t\u00f4i s\u1eed d\u1ee5ng Th\u00f4ng tin \u0111\u1eb7t h\u00e0ng n\u00e0y \u0111\u1ec3:<br>- Giao ti\u1ebfp v\u1edbi b\u1ea1n;<br>\u2013 S\u00e0ng l\u1ecdc c\u00e1c \u0111\u01a1n \u0111\u1eb7t h\u00e0ng c\u1ee7a ch\u00fang t\u00f4i \u0111\u1ec3 ph\u00e1t hi\u1ec7n r\u1ee7i ro ho\u1eb7c gian l\u1eadn ti\u1ec1m \u1ea9n;<br>\u2013 Khi ph\u00f9 h\u1ee3p v\u1edbi c\u00e1c \u01b0u ti\u00ean b\u1ea1n \u0111\u00e3 chia s\u1ebb v\u1edbi ch\u00fang t\u00f4i, h\u00e3y cung c\u1ea5p cho b\u1ea1n th\u00f4ng tin ho\u1eb7c qu\u1ea3ng c\u00e1o li\u00ean quan \u0111\u1ebfn s\u1ea3n ph\u1ea9m ho\u1eb7c d\u1ecbch v\u1ee5 c\u1ee7a ch\u00fang t\u00f4i.<\/p>\r\n\r\n\r\n\r\n<p>CH\u00daNG T\u00d4I S\u1eec D\u1ee4NG TH\u00d4NG TIN THI\u1ebeT B\u1eca C\u1ee6A B\u1ea0N NH\u01af TH\u1ebe N\u00c0O?<br>Ch\u00fang t\u00f4i s\u1eed d\u1ee5ng Th\u00f4ng tin thi\u1ebft b\u1ecb m\u00e0 ch\u00fang t\u00f4i thu th\u1eadp \u0111\u1ec3 gi\u00fap ch\u00fang t\u00f4i s\u00e0ng l\u1ecdc r\u1ee7i ro v\u00e0 gian l\u1eadn ti\u1ec1m \u1ea9n (c\u1ee5 th\u1ec3 l\u00e0 \u0111\u1ecba ch\u1ec9 IP c\u1ee7a b\u1ea1n) v\u00e0 n\u00f3i chung l\u00e0 \u0111\u1ec3 c\u1ea3i thi\u1ec7n v\u00e0 t\u1ed1i \u01b0u h\u00f3a Trang web c\u1ee7a ch\u00fang t\u00f4i (v\u00ed d\u1ee5: b\u1eb1ng c\u00e1ch t\u1ea1o ph\u00e2n t\u00edch v\u1ec1 c\u00e1ch kh\u00e1ch h\u00e0ng duy\u1ec7t v\u00e0 t\u01b0\u01a1ng t\u00e1c v\u1edbi Trang web v\u00e0 \u0111\u1ec3 \u0111\u00e1nh gi\u00e1 s\u1ef1 th\u00e0nh c\u00f4ng c\u1ee7a c\u00e1c chi\u1ebfn d\u1ecbch ti\u1ebfp th\u1ecb v\u00e0 qu\u1ea3ng c\u00e1o c\u1ee7a ch\u00fang t\u00f4i).&nbsp;<\/p>\r\n\r\n\r\n\r\n<p>D\u1eee LI\u1ec6U C\u00c1 NH\u00c2N<br>Ch\u00fang t\u00f4i ch\u1ec9 x\u1eed l\u00fd d\u1eef li\u1ec7u c\u00e1 nh\u00e2n c\u1ee7a b\u1ea1n khi c\u00f3 s\u1ef1 \u0111\u1ed3ng \u00fd c\u1ee7a b\u1ea1n ho\u1eb7c khi c\u1ea7n thi\u1ebft \u0111\u1ec3 th\u1ef1c hi\u1ec7n ngh\u0129a v\u1ee5 c\u1ee7a ch\u00fang t\u00f4i v\u1edbi b\u1ea1n v\u1edbi t\u01b0 c\u00e1ch l\u00e0 kh\u00e1ch h\u00e0ng, \u0111\u1ec3 \u0111i\u1ec1u h\u00e0nh ho\u1ea1t \u0111\u1ed9ng kinh doanh c\u1ee7a ch\u00fang t\u00f4i, \u0111\u00e1p \u1ee9ng c\u00e1c ngh\u0129a v\u1ee5 h\u1ee3p \u0111\u1ed3ng v\u00e0 ph\u00e1p l\u00fd c\u0169ng nh\u01b0 \u0111\u1ec3 b\u1ea3o v\u1ec7 t\u00ednh b\u1ea3o m\u1eadt c\u1ee7a h\u1ec7 th\u1ed1ng c\u1ee7a ch\u00fang t\u00f4i.<\/p>\r\n\r\n\r\n\r\n<p>CHIA S\u1eba TH\u00d4NG TIN C\u00c1 NH\u00c2N C\u1ee6A B\u1ea0N<br>Ch\u00fang t\u00f4i chia s\u1ebb Th\u00f4ng tin c\u00e1 nh\u00e2n c\u1ee7a b\u1ea1n v\u1edbi c\u00e1c b\u00ean th\u1ee9 ba \u0111\u1ec3 gi\u00fap ch\u00fang t\u00f4i s\u1eed d\u1ee5ng Th\u00f4ng tin c\u00e1 nh\u00e2n c\u1ee7a b\u1ea1n, nh\u01b0 \u0111\u01b0\u1ee3c m\u00f4 t\u1ea3 \u1edf tr\u00ean.<br>Ch\u00fang t\u00f4i c\u0169ng s\u1eed d\u1ee5ng Google Analytics \u0111\u1ec3 gi\u00fap ch\u00fang t\u00f4i hi\u1ec3u c\u00e1ch kh\u00e1ch h\u00e0ng s\u1eed d\u1ee5ng Trang web.<br>Cu\u1ed1i c\u00f9ng, ch\u00fang t\u00f4i c\u0169ng c\u00f3 th\u1ec3 chia s\u1ebb Th\u00f4ng tin c\u00e1 nh\u00e2n c\u1ee7a b\u1ea1n \u0111\u1ec3 tu\u00e2n th\u1ee7 lu\u1eadt ph\u00e1p v\u00e0 quy \u0111\u1ecbnh hi\u1ec7n h\u00e0nh, \u0111\u1ec3 \u0111\u00e1p \u1ee9ng tr\u00e1t \u0111\u00f2i h\u1ea7u t\u00f2a, l\u1ec7nh kh\u00e1m x\u00e9t ho\u1eb7c y\u00eau c\u1ea7u h\u1ee3p ph\u00e1p kh\u00e1c v\u1ec1 th\u00f4ng tin ch\u00fang t\u00f4i nh\u1eadn \u0111\u01b0\u1ee3c ho\u1eb7c \u0111\u1ec3 b\u1ea3o v\u1ec7 quy\u1ec1n c\u1ee7a ch\u00fang t\u00f4i.<\/p>\r\n\r\n\r\n\r\n<p>QU\u1ea2NG C\u00c1O H\u00c0NH VI<br>Nh\u01b0 \u0111\u01b0\u1ee3c m\u00f4 t\u1ea3 \u1edf tr\u00ean, ch\u00fang t\u00f4i s\u1eed d\u1ee5ng Th\u00f4ng tin c\u00e1 nh\u00e2n c\u1ee7a b\u1ea1n \u0111\u1ec3 cung c\u1ea5p cho b\u1ea1n c\u00e1c qu\u1ea3ng c\u00e1o \u0111\u01b0\u1ee3c nh\u1eafm m\u1ee5c ti\u00eau ho\u1eb7c th\u00f4ng tin ti\u1ebfp th\u1ecb m\u00e0 ch\u00fang t\u00f4i tin r\u1eb1ng b\u1ea1n c\u00f3 th\u1ec3 quan t\u00e2m.<\/p>\r\n\r\n\r\n\r\n<p>KH\u00d4NG THEO D\u00d5I<br>Xin l\u01b0u \u00fd r\u1eb1ng ch\u00fang t\u00f4i kh\u00f4ng thay \u0111\u1ed5i c\u00e1ch th\u1ee9c thu th\u1eadp v\u00e0 s\u1eed d\u1ee5ng d\u1eef li\u1ec7u tr\u00ean Trang web c\u1ee7a m\u00ecnh khi ch\u00fang t\u00f4i th\u1ea5y t\u00edn hi\u1ec7u Kh\u00f4ng theo d\u00f5i t\u1eeb tr\u00ecnh duy\u1ec7t c\u1ee7a b\u1ea1n.<\/p>\r\n\r\n\r\n\r\n<p>QUY\u1ec0N L\u1ee2I C\u1ee6A B\u1ea0N<br>N\u1ebfu b\u1ea1n l\u00e0 c\u01b0 d\u00e2n Ch\u00e2u \u00c2u, b\u1ea1n c\u00f3 quy\u1ec1n truy c\u1eadp th\u00f4ng tin c\u00e1 nh\u00e2n m\u00e0 ch\u00fang t\u00f4i l\u01b0u gi\u1eef v\u1ec1 b\u1ea1n v\u00e0 y\u00eau c\u1ea7u s\u1eeda \u0111\u1ed5i, c\u1eadp nh\u1eadt ho\u1eb7c x\u00f3a th\u00f4ng tin c\u00e1 nh\u00e2n c\u1ee7a b\u1ea1n.<br>Ngo\u00e0i ra, n\u1ebfu b\u1ea1n l\u00e0 c\u01b0 d\u00e2n Ch\u00e2u \u00c2u, ch\u00fang t\u00f4i l\u01b0u \u00fd r\u1eb1ng ch\u00fang t\u00f4i \u0111ang x\u1eed l\u00fd th\u00f4ng tin c\u1ee7a b\u1ea1n \u0111\u1ec3 th\u1ef1c hi\u1ec7n c\u00e1c h\u1ee3p \u0111\u1ed3ng m\u00e0 ch\u00fang t\u00f4i c\u00f3 th\u1ec3 c\u00f3 v\u1edbi b\u1ea1n (v\u00ed d\u1ee5: n\u1ebfu b\u1ea1n \u0111\u1eb7t h\u00e0ng qua Trang web) ho\u1eb7c \u0111\u1ec3 theo \u0111u\u1ed5i c\u00e1c l\u1ee3i \u00edch kinh doanh h\u1ee3p ph\u00e1p c\u1ee7a ch\u00fang t\u00f4i \u0111\u01b0\u1ee3c li\u1ec7t k\u00ea \u1edf tr\u00ean. Ngo\u00e0i ra, xin l\u01b0u \u00fd r\u1eb1ng th\u00f4ng tin c\u1ee7a b\u1ea1n s\u1ebd \u0111\u01b0\u1ee3c chuy\u1ec3n ra ngo\u00e0i Ch\u00e2u \u00c2u, bao g\u1ed3m c\u1ea3 Canada v\u00e0 Hoa K\u1ef3.<\/p>\r\n\r\n\r\n\r\n<p>L\u01afU TR\u1eee D\u1eee LI\u1ec6U<br>Khi b\u1ea1n \u0111\u1eb7t h\u00e0ng qua Trang web, ch\u00fang t\u00f4i s\u1ebd l\u01b0u gi\u1eef Th\u00f4ng tin \u0111\u1eb7t h\u00e0ng c\u1ee7a b\u1ea1n \u0111\u1ec3 l\u01b0u gi\u1eef.<\/p>\r\n\r\n\r\n\r\n<p>THAY \u0110\u1ed4I<br>\u0110\u00f4i khi, ch\u00fang t\u00f4i c\u00f3 th\u1ec3 c\u1eadp nh\u1eadt ch\u00ednh s\u00e1ch quy\u1ec1n ri\u00eang t\u01b0 n\u00e0y \u0111\u1ec3 ph\u1ea3n \u00e1nh, ch\u1eb3ng h\u1ea1n nh\u01b0 nh\u1eefng thay \u0111\u1ed5i trong th\u1ef1c ti\u1ec5n c\u1ee7a ch\u00fang t\u00f4i ho\u1eb7c v\u00ec c\u00e1c l\u00fd do ho\u1ea1t \u0111\u1ed9ng, ph\u00e1p l\u00fd ho\u1eb7c quy \u0111\u1ecbnh kh\u00e1c.<\/p>\r\n\r\n\r\n\r\n<p>tr\u1ebb v\u1ecb th\u00e0nh ni\u00ean<br>Trang web kh\u00f4ng d\u00e0nh cho c\u00e1c c\u00e1 nh\u00e2n d\u01b0\u1edbi 13 tu\u1ed5i.&nbsp;<\/p>\r\n\r\n\r\n\r\n<p>LI\u00caN H\u1ec6 CH\u00daNG T\u00d4I&nbsp;<br>\u0110\u1ec3 bi\u1ebft th\u00eam th\u00f4ng tin v\u1ec1 c\u00e1c bi\u1ec7n ph\u00e1p b\u1ea3o v\u1ec7 quy\u1ec1n ri\u00eang t\u01b0 c\u1ee7a ch\u00fang t\u00f4i, n\u1ebfu b\u1ea1n c\u00f3 th\u1eafc m\u1eafc ho\u1eb7c n\u1ebfu b\u1ea1n mu\u1ed1n khi\u1ebfu n\u1ea1i, vui l\u00f2ng li\u00ean h\u1ec7 v\u1edbi ch\u00fang t\u00f4i.<\/p>","protected":false},"excerpt":{"rendered":"<p>Ch\u00ednh s\u00e1ch quy\u1ec1n ri\u00eang t\u01b0 n\u00e0y m\u00f4 t\u1ea3 c\u00e1ch thu th\u1eadp, s\u1eed d\u1ee5ng v\u00e0 chia s\u1ebb th\u00f4ng tin c\u00e1 nh\u00e2n c\u1ee7a b\u1ea1n khi b\u1ea1n truy c\u1eadp ho\u1eb7c mua h\u00e0ng tr\u00ean ch\u00fang t\u00f4i. TH\u00d4NG TIN C\u00c1 NH\u00c2N CH\u00daNG T\u00d4I THU TH\u1eacP Khi b\u1ea1n truy c\u1eadp Trang web, ch\u00fang t\u00f4i s\u1ebd t\u1ef1 \u0111\u1ed9ng thu th\u1eadp m\u1ed9t s\u1ed1 th\u00f4ng tin nh\u1ea5t \u0111\u1ecbnh v\u1ec1 thi\u1ebft b\u1ecb c\u1ee7a b\u1ea1n, bao g\u1ed3m th\u00f4ng tin v\u1ec1 tr\u00ecnh duy\u1ec7t web, \u0111\u1ecba ch\u1ec9 IP, m\u00fai gi\u1edd v\u00e0 m\u1ed9t s\u1ed1 cookie \u0111\u01b0\u1ee3c [\u2026]","protected":false},"author":1,"featured_media":0,"parent":0,"menu_order":0,"comment_status":"closed","ping_status":"closed","template":"page-blank-title-center.php","meta":{"footnotes":""},"class_list":["post-3","page","type-page","status-publish","hentry"],"jetpack-related-posts":[],"jetpack_sharing_enabled":true,"_links":{"self":[{"href":"https:\/\/jttlogos.com\/vi\/wp-json\/wp\/v2\/pages\/3","targetHints":{"allow":["GET"]}}],"collection":[{"href":"https:\/\/jttlogos.com\/vi\/wp-json\/wp\/v2\/pages"}],"about":[{"href":"https:\/\/jttlogos.com\/vi\/wp-json\/wp\/v2\/types\/page"}],"author":[{"embeddable":true,"href":"https:\/\/jttlogos.com\/vi\/wp-json\/wp\/v2\/users\/1"}],"replies":[{"embeddable":true,"href":"https:\/\/jttlogos.com\/vi\/wp-json\/wp\/v2\/comments?post=3"}],"version-history":[{"count":0,"href":"https:\/\/jttlogos.com\/vi\/wp-json\/wp\/v2\/pages\/3\/revisions"}],"wp:attachment":[{"href":"https:\/\/jttlogos.com\/vi\/wp-json\/wp\/v2\/media?parent=3"}],"curies":[{"name":"wp","href":"https:\/\/api.w.org\/{rel}","templated":true}]}}