{"id":61,"date":"2018-02-27T14:09:50","date_gmt":"2018-02-27T14:09:50","guid":{"rendered":"https:\/\/xml-io.proteusthemes.com\/woondershop-amazon\/?page_id=61"},"modified":"2024-03-30T09:38:04","modified_gmt":"2024-03-30T09:38:04","slug":"tat-ca-danh-muc","status":"publish","type":"page","link":"https:\/\/jttlogos.com\/vi\/all-categories\/","title":{"rendered":"Ph\u00f2ng ban"},"content":{"rendered":"<section class=\"section\" id=\"section_1060854621\">\n\t\t<div class=\"bg section-bg fill bg-fill  bg-loaded\" >\n\n\t\t\t\n\t\t\t\n\t\t\t\n\n\t\t<\/div>\n\n\t\t\n\n\t\t<div class=\"section-content relative\">\n\t\t\t\n<div class=\"row\"  id=\"row-976008452\">\n\n\t<div id=\"col-444910989\" class=\"col small-12 large-12\"  >\n\t\t\t\t<div class=\"col-inner\"  >\n\t\t\t\n\t\t\t\n<p style=\"text-align: center;\"><strong>Ch\u00e0o m\u1eebng b\u1ea1n \u0111\u1ebfn v\u1edbi JTT Logos \u2013 \u0110i\u1ec3m \u0111\u1ebfn c\u1ee7a b\u1ea1n cho Nh\u00e3n d\u00e1n kim lo\u1ea1i t\u00f9y ch\u1ec9nh<\/strong><\/p>\n<p>T\u1ea1i JTT Logos, ch\u00fang t\u00f4i l\u00e0 nh\u00e0 m\u00e1y h\u00e0ng \u0111\u1ea7u chuy\u00ean v\u1ec1 Nh\u00e3n kim lo\u1ea1i t\u00f9y ch\u1ec9nh, cung c\u1ea5p nhi\u1ec1u t\u00f9y ch\u1ecdn t\u00f9y ch\u1ec9nh \u0111a d\u1ea1ng \u0111\u1ec3 n\u00e2ng t\u1ea7m s\u1ea3n ph\u1ea9m c\u1ee7a b\u1ea1n. Kh\u00e1m ph\u00e1 b\u1ed9 s\u01b0u t\u1eadp Nh\u00e3n d\u00e1n kim lo\u1ea1i niken, Nh\u00e3n d\u00e1n kim lo\u1ea1i th\u00e9p kh\u00f4ng g\u1ec9, Nh\u00e3n d\u00e1n kim lo\u1ea1i 3D, Nh\u00e3n d\u00e1n kim lo\u1ea1i l\u01b0\u1edbi loa, Nh\u00e3n d\u00e1n kim lo\u1ea1i c\u1edd \u00f4 t\u00f4, Nh\u00e3n d\u00e1n kim lo\u1ea1i c\u00e2u l\u1ea1c b\u1ed9 ch\u01a1i g\u00f4n, Nh\u00e3n d\u00e1n kim lo\u1ea1i n\u01b0\u1edbc hoa v\u00e0 Nh\u00e3n d\u00e1n kim lo\u1ea1i v\u1ecf \u0111i\u1ec7n tho\u1ea1i. S\u1ea3n ph\u1ea9m c\u1ee7a ch\u00fang t\u00f4i \u0111\u01b0\u1ee3c ch\u1ebf t\u1ea1o v\u1edbi \u0111\u1ed9 ch\u00ednh x\u00e1c v\u00e0 ch\u1ea5t l\u01b0\u1ee3ng, \u0111\u01b0\u1ee3c thi\u1ebft k\u1ebf \u0111\u1ec3 n\u00e2ng cao t\u00ednh th\u1ea9m m\u1ef9 cho c\u00e1c s\u1ea3n ph\u1ea9m c\u1ee7a b\u1ea1n.<\/p>\n<p>V\u1edbi cam k\u1ebft mang \u0111\u1ebfn s\u1ef1 xu\u1ea5t s\u1eafc, ch\u00fang t\u00f4i cung c\u1ea5p c\u00e1c gi\u1ea3i ph\u00e1p nh\u00e3n d\u00e1n t\u00f9y ch\u1ec9nh cho kh\u00e1ch h\u00e0ng tr\u00ean to\u00e0n th\u1ebf gi\u1edbi, ch\u1ea5p nh\u1eadn \u0111\u01a1n \u0111\u1eb7t h\u00e0ng t\u1eeb b\u1ea5t k\u1ef3 qu\u1ed1c gia n\u00e0o. Cho d\u00f9 b\u1ea1n \u0111ang t\u00ecm ki\u1ebfm nh\u00e3n kim lo\u1ea1i \u0111\u1ed9c \u0111\u00e1o, nh\u00e3n d\u00e1n kim lo\u1ea1i t\u00f9y ch\u1ec9nh hay \u0111\u1ec1 can kim lo\u1ea1i chuy\u00ean d\u1ee5ng, JTT Logos l\u00e0 ngu\u1ed3n cung c\u1ea5p c\u00e1c d\u1ecbch v\u1ee5 t\u00f9y ch\u1ec9nh cao c\u1ea5p d\u00e0nh cho b\u1ea1n. N\u00e2ng cao th\u01b0\u01a1ng hi\u1ec7u c\u1ee7a b\u1ea1n b\u1eb1ng c\u00e1c s\u1ea3n ph\u1ea9m ch\u1ea5t l\u01b0\u1ee3ng cao c\u1ee7a ch\u00fang t\u00f4i v\u00e0 \u0111\u1ec3 s\u1ea3n ph\u1ea9m c\u1ee7a b\u1ea1n t\u1ecfa s\u00e1ng v\u1edbi s\u1ef1 tinh t\u1ebf v\u00e0 phong c\u00e1ch.<\/p>\n<p>Tr\u1ea3i nghi\u1ec7m s\u1ef1 kh\u00e1c bi\u1ec7t v\u1edbi JTT Logos \u2013 n\u01a1i kh\u1ea3 n\u0103ng t\u00f9y ch\u1ec9nh \u0111\u00e1p \u1ee9ng ch\u1ea5t l\u01b0\u1ee3ng trong m\u1ecdi nh\u00e3n d\u00e1n kim lo\u1ea1i m\u00e0 ch\u00fang t\u00f4i t\u1ea1o ra. H\u00e3y li\u00ean h\u1ec7 v\u1edbi ch\u00fang t\u00f4i ngay h\u00f4m nay \u0111\u1ec3 kh\u00e1m ph\u00e1 nhi\u1ec1u t\u00f9y ch\u1ecdn t\u00f9y ch\u1ec9nh v\u00e0 bi\u1ebfn \u0111\u1ed5i s\u1ea3n ph\u1ea9m c\u1ee7a b\u1ea1n b\u1eb1ng Nh\u00e3n d\u00e1n kim lo\u1ea1i t\u00f9y ch\u1ec9nh c\u1ee7a ch\u00fang t\u00f4i.<\/p>\n\t\t<\/div>\n\t\t\t\t\t<\/div>\n\n\t\n<\/div>\n\t\t<\/div>\n\n\t\t\n<style>\n#section_1060854621 {\n  padding-top: 30px;\n  padding-bottom: 30px;\n}\n<\/style>\n\t<\/section>\n\t\n\t<section class=\"section\" id=\"section_1010329914\">\n\t\t<div class=\"bg section-bg fill bg-fill  bg-loaded\" >\n\n\t\t\t\n\t\t\t\n\t\t\t\n\n\t\t<\/div>\n\n\t\t\n\n\t\t<div class=\"section-content relative\">\n\t\t\t\n<div class=\"row\"  id=\"row-1908390433\">\n\n\t<div id=\"col-1677166145\" class=\"col medium-6 small-12 large-6\"  >\n\t\t\t\t<div class=\"col-inner\"  >\n\t\t\t\n\t\t\t\n\n  <div class=\"banner has-hover\" id=\"banner-1868682596\">\n          <div class=\"banner-inner fill\">\n        <div class=\"banner-bg fill\" >\n            <div class=\"bg fill bg-fill\"><\/div>\n                        <div class=\"overlay\"><\/div>            \n                    <\/div>\n\t\t\n        <div class=\"banner-layers container\">\n            <a class=\"fill\" href=\"https:\/\/jttlogos.com\/vi\/danh-muc-san-pham\/nhan-dan-kim-loai-niken\/\" ><div class=\"fill banner-link\"><\/div><\/a>            \n   <div id=\"text-box-2055434559\" class=\"text-box banner-layer x5 md-x10 lg-x10 y50 md-y50 lg-y50 res-text\">\n                                <div class=\"text-box-content text dark\">\n              \n              <div class=\"text-inner text-center\">\n                  \n<h3 class=\"uppercase\">Nh\u00e3n d\u00e1n kim lo\u1ea1i Nickel t\u00f9y ch\u1ec9nh<\/h3>\n<p>Nh\u00e3n d\u00e1n logo kim lo\u1ea1i cho thi\u1ebft b\u1ecb gia d\u1ee5ng, \u0111i\u1ec7n tho\u1ea1i, m\u00e1y t\u00ednh, v.v<\/p>\n              <\/div>\n           <\/div>\n                            \n<style>\n#text-box-2055434559 {\n  width: 52%;\n}\n#text-box-2055434559 .text-box-content {\n  font-size: 100%;\n}\n@media (min-width:550px) {\n  #text-box-2055434559 {\n    width: 40%;\n  }\n}\n<\/style>\n    <\/div>\n \n        <\/div>\n      <\/div>\n\n            \n<style>\n#banner-1868682596 {\n  padding-top: 50%;\n}\n#banner-1868682596 .bg.bg-loaded {\n  background-image: url(https:\/\/i0.wp.com\/jttlogos.com\/wp-content\/uploads\/2024\/03\/JTT_Metal_Nickel_Sticker.webp?fit=625%2C300&ssl=1);\n}\n#banner-1868682596 .overlay {\n  background-color: rgba(0, 0, 0, 0.31);\n}\n#banner-1868682596 .bg {\n  background-position: 46% 43%;\n}\n<\/style>\n  <\/div>\n\n\n\t\t<\/div>\n\t\t\t\t\t<\/div>\n\n\t\n\n\t<div id=\"col-1247431304\" class=\"col medium-6 small-12 large-6\"  >\n\t\t\t\t<div class=\"col-inner\"  >\n\t\t\t\n\t\t\t\n\n  <div class=\"banner has-hover\" id=\"banner-408056819\">\n          <div class=\"banner-inner fill\">\n        <div class=\"banner-bg fill\" >\n            <div class=\"bg fill bg-fill\"><\/div>\n                        <div class=\"overlay\"><\/div>            \n                    <\/div>\n\t\t\n        <div class=\"banner-layers container\">\n            <a class=\"fill\" href=\"https:\/\/jttlogos.com\/vi\/danh-muc-san-pham\/stainless-steel-sticker\/\" ><div class=\"fill banner-link\"><\/div><\/a>            \n   <div id=\"text-box-365696257\" class=\"text-box banner-layer x5 md-x10 lg-x10 y50 md-y50 lg-y50 res-text\">\n                                <div class=\"text-box-content text dark\">\n              \n              <div class=\"text-inner text-center\">\n                  \n<h3 class=\"uppercase\">Nh\u00e3n d\u00e1n th\u00e9p kh\u00f4ng g\u1ec9 t\u00f9y ch\u1ec9nh<\/h3>\n<p>Nh\u00e3n d\u00e1n kim lo\u1ea1i th\u00e9p kh\u00f4ng g\u1ec9 d\u00f9ng cho s\u1ea3n ph\u1ea9m \u0111i\u1ec7n t\u1eed, bao b\u00ec qu\u00e0 t\u1eb7ng<\/p>\n              <\/div>\n           <\/div>\n                            \n<style>\n#text-box-365696257 {\n  width: 52%;\n}\n#text-box-365696257 .text-box-content {\n  font-size: 100%;\n}\n@media (min-width:550px) {\n  #text-box-365696257 {\n    width: 40%;\n  }\n}\n<\/style>\n    <\/div>\n \n        <\/div>\n      <\/div>\n\n            \n<style>\n#banner-408056819 {\n  padding-top: 50%;\n}\n#banner-408056819 .bg.bg-loaded {\n  background-image: url(https:\/\/i0.wp.com\/jttlogos.com\/wp-content\/uploads\/2024\/03\/Stainless_Steel_Sticker.webp?fit=625%2C300&ssl=1);\n}\n#banner-408056819 .overlay {\n  background-color: rgba(0, 0, 0, 0.31);\n}\n#banner-408056819 .bg {\n  background-position: 51% 57%;\n}\n<\/style>\n  <\/div>\n\n\n\t\t<\/div>\n\t\t\t\t\t<\/div>\n\n\t\n<\/div>\n\t\t<\/div>\n\n\t\t\n<style>\n#section_1010329914 {\n  padding-top: 30px;\n  padding-bottom: 30px;\n}\n<\/style>\n\t<\/section>\n\t\n\t<section class=\"section\" id=\"section_1635252323\">\n\t\t<div class=\"bg section-bg fill bg-fill  bg-loaded\" >\n\n\t\t\t\n\t\t\t\n\t\t\t\n\n\t\t<\/div>\n\n\t\t\n\n\t\t<div class=\"section-content relative\">\n\t\t\t\n<div class=\"row\"  id=\"row-1101744870\">\n\n\t<div id=\"col-249712873\" class=\"col medium-4 small-12 large-4\"  >\n\t\t\t\t<div class=\"col-inner\"  >\n\t\t\t\n\t\t\t\n\n  <div class=\"banner has-hover\" id=\"banner-2091981394\">\n          <div class=\"banner-inner fill\">\n        <div class=\"banner-bg fill\" >\n            <div class=\"bg fill bg-fill\"><\/div>\n                        <div class=\"overlay\"><\/div>            \n                    <\/div>\n\t\t\n        <div class=\"banner-layers container\">\n            <a class=\"fill\" href=\"https:\/\/jttlogos.com\/vi\/danh-muc-san-pham\/nhan-dan-kim-loai-3d\/\" ><div class=\"fill banner-link\"><\/div><\/a>            \n   <div id=\"text-box-1693580004\" class=\"text-box banner-layer x5 md-x10 lg-x10 y80 md-y65 lg-y65 res-text\">\n                                <div class=\"text-box-content text dark\">\n              \n              <div class=\"text-inner text-center\">\n                  \n<h3 class=\"uppercase\">Nh\u00e3n d\u00e1n kim lo\u1ea1i 3D<\/h3>\n<p>S\u1eed d\u1ee5ng cho c\u00e1c s\u1ea3n ph\u1ea9m \u0111i\u1ec7n t\u1eed, chai r\u01b0\u1ee3u, m\u00e1y m\u00f3c v.v<\/p>\n              <\/div>\n           <\/div>\n                            \n<style>\n#text-box-1693580004 {\n  width: 75%;\n}\n#text-box-1693580004 .text-box-content {\n  font-size: 100%;\n}\n@media (min-width:550px) {\n  #text-box-1693580004 {\n    width: 45%;\n  }\n}\n<\/style>\n    <\/div>\n \n        <\/div>\n      <\/div>\n\n            \n<style>\n#banner-2091981394 {\n  padding-top: 60%;\n  background-color: rgb(255,255,255);\n}\n#banner-2091981394 .bg.bg-loaded {\n  background-image: url(https:\/\/jttlogos.com\/wp-content\/uploads\/2024\/03\/3D_Sticker.webp);\n}\n#banner-2091981394 .overlay {\n  background-color: rgba(0, 0, 0, 0.326);\n}\n#banner-2091981394 .bg {\n  background-position: 57% 51%;\n}\n<\/style>\n  <\/div>\n\n\n\t\t<\/div>\n\t\t\t\t\t<\/div>\n\n\t\n\n\t<div id=\"col-833276306\" class=\"col medium-4 small-12 large-4\"  >\n\t\t\t\t<div class=\"col-inner\"  >\n\t\t\t\n\t\t\t\n\n  <div class=\"banner has-hover\" id=\"banner-1848170834\">\n          <div class=\"banner-inner fill\">\n        <div class=\"banner-bg fill\" >\n            <div class=\"bg fill bg-fill\"><\/div>\n                        <div class=\"overlay\"><\/div>            \n                    <\/div>\n\t\t\n        <div class=\"banner-layers container\">\n            <a class=\"fill\" href=\"https:\/\/jttlogos.com\/vi\/danh-muc-san-pham\/mieng-dan-kim-loai-dang-luoi-loa\/\" ><div class=\"fill banner-link\"><\/div><\/a>            \n   <div id=\"text-box-5141629\" class=\"text-box banner-layer x5 md-x10 lg-x10 y80 md-y65 lg-y65 res-text\">\n                                <div class=\"text-box-content text dark\">\n              \n              <div class=\"text-inner text-center\">\n                  \n<h3 class=\"uppercase\">Nh\u00e3n d\u00e1n kim lo\u1ea1i cho g\u1eady golf<\/h3>\n<p>D\u00e1n kim lo\u1ea1i d\u00f9ng cho g\u1eady golf<\/p>\n              <\/div>\n           <\/div>\n                            \n<style>\n#text-box-5141629 {\n  width: 75%;\n}\n#text-box-5141629 .text-box-content {\n  font-size: 100%;\n}\n@media (min-width:550px) {\n  #text-box-5141629 {\n    width: 45%;\n  }\n}\n<\/style>\n    <\/div>\n \n        <\/div>\n      <\/div>\n\n            \n<style>\n#banner-1848170834 {\n  padding-top: 60%;\n  background-color: rgb(255,255,255);\n}\n#banner-1848170834 .bg.bg-loaded {\n  background-image: url(https:\/\/jttlogos.com\/wp-content\/uploads\/2024\/03\/Golf_Clubs_Metal_Sticker.webp);\n}\n#banner-1848170834 .overlay {\n  background-color: rgba(0, 0, 0, 0.326);\n}\n#banner-1848170834 .bg {\n  background-position: 57% 51%;\n}\n<\/style>\n  <\/div>\n\n\n\t\t<\/div>\n\t\t\t\t\t<\/div>\n\n\t\n\n\t<div id=\"col-1607672238\" class=\"col medium-4 small-12 large-4\"  >\n\t\t\t\t<div class=\"col-inner\"  >\n\t\t\t\n\t\t\t\n\n  <div class=\"banner has-hover\" id=\"banner-958216286\">\n          <div class=\"banner-inner fill\">\n        <div class=\"banner-bg fill\" >\n            <div class=\"bg fill bg-fill\"><\/div>\n                        <div class=\"overlay\"><\/div>            \n                    <\/div>\n\t\t\n        <div class=\"banner-layers container\">\n            <a class=\"fill\" href=\"https:\/\/jttlogos.com\/vi\/danh-muc-san-pham\/nhan-dan-kim-loai-co-xe-o-to\/\" ><div class=\"fill banner-link\"><\/div><\/a>            \n   <div id=\"text-box-508521357\" class=\"text-box banner-layer x5 md-x10 lg-x10 y80 md-y65 lg-y65 res-text\">\n                                <div class=\"text-box-content text dark\">\n              \n              <div class=\"text-inner text-center\">\n                  \n<h3 class=\"uppercase\">D\u00e1n l\u01b0\u1edbi kim lo\u1ea1i<\/h3>\n<p>D\u00f9ng cho \u0111i\u1ec7n tho\u1ea1i, m\u00e1y t\u00ednh b\u1ea3ng, thi\u1ebft b\u1ecb \u00e2m thanh, v.v.<\/p>\n              <\/div>\n           <\/div>\n                            \n<style>\n#text-box-508521357 {\n  width: 75%;\n}\n#text-box-508521357 .text-box-content {\n  font-size: 100%;\n}\n@media (min-width:550px) {\n  #text-box-508521357 {\n    width: 45%;\n  }\n}\n<\/style>\n    <\/div>\n \n        <\/div>\n      <\/div>\n\n            \n<style>\n#banner-958216286 {\n  padding-top: 60%;\n  background-color: rgb(255,255,255);\n}\n#banner-958216286 .bg.bg-loaded {\n  background-image: url(https:\/\/jttlogos.com\/wp-content\/uploads\/2024\/03\/Speaker_Mesh.webp);\n}\n#banner-958216286 .overlay {\n  background-color: rgba(0, 0, 0, 0.326);\n}\n#banner-958216286 .bg {\n  background-position: 57% 51%;\n}\n<\/style>\n  <\/div>\n\n\n\t\t<\/div>\n\t\t\t\t\t<\/div>\n\n\t\n\n\t<div id=\"col-1030046372\" class=\"col medium-4 small-12 large-4\"  >\n\t\t\t\t<div class=\"col-inner\"  >\n\t\t\t\n\t\t\t\n\n  <div class=\"banner has-hover\" id=\"banner-969173996\">\n          <div class=\"banner-inner fill\">\n        <div class=\"banner-bg fill\" >\n            <div class=\"bg fill bg-fill\"><\/div>\n                        <div class=\"overlay\"><\/div>            \n                    <\/div>\n\t\t\n        <div class=\"banner-layers container\">\n            <a class=\"fill\" href=\"https:\/\/jttlogos.com\/vi\/danh-muc-san-pham\/nhan-dan-kim-loai-cau-lac-bo-golf\/\" ><div class=\"fill banner-link\"><\/div><\/a>            \n   <div id=\"text-box-1732461974\" class=\"text-box banner-layer x5 md-x10 lg-x10 y80 md-y65 lg-y65 res-text\">\n                                <div class=\"text-box-content text dark\">\n              \n              <div class=\"text-inner text-center\">\n                  \n<h3 class=\"uppercase\">Nh\u00e3n d\u00e1n kim lo\u1ea1i n\u01b0\u1edbc hoa<\/h3>\n<p>Nh\u00e3n d\u00e1n cho chai n\u01b0\u1edbc hoa<br \/>\n&amp; chai m\u1ef9 ph\u1ea9m<\/p>\n              <\/div>\n           <\/div>\n                            \n<style>\n#text-box-1732461974 {\n  width: 75%;\n}\n#text-box-1732461974 .text-box-content {\n  font-size: 100%;\n}\n@media (min-width:550px) {\n  #text-box-1732461974 {\n    width: 45%;\n  }\n}\n<\/style>\n    <\/div>\n \n        <\/div>\n      <\/div>\n\n            \n<style>\n#banner-969173996 {\n  padding-top: 60%;\n  background-color: rgb(255,255,255);\n}\n#banner-969173996 .bg.bg-loaded {\n  background-image: url(https:\/\/jttlogos.com\/wp-content\/uploads\/2024\/03\/Perfume_Sticker.webp);\n}\n#banner-969173996 .overlay {\n  background-color: rgba(0, 0, 0, 0.326);\n}\n#banner-969173996 .bg {\n  background-position: 57% 51%;\n}\n<\/style>\n  <\/div>\n\n\n\t\t<\/div>\n\t\t\t\t\t<\/div>\n\n\t\n\n\t<div id=\"col-1320301484\" class=\"col medium-4 small-12 large-4\"  >\n\t\t\t\t<div class=\"col-inner\"  >\n\t\t\t\n\t\t\t\n\n  <div class=\"banner has-hover\" id=\"banner-984257685\">\n          <div class=\"banner-inner fill\">\n        <div class=\"banner-bg fill\" >\n            <div class=\"bg fill bg-fill\"><\/div>\n                        <div class=\"overlay\"><\/div>            \n                    <\/div>\n\t\t\n        <div class=\"banner-layers container\">\n            <a class=\"fill\" href=\"https:\/\/jttlogos.com\/vi\/danh-muc-san-pham\/nhan-dan-kim-loai-nuoc-hoa\/\" ><div class=\"fill banner-link\"><\/div><\/a>            \n   <div id=\"text-box-1403993220\" class=\"text-box banner-layer x5 md-x10 lg-x10 y80 md-y65 lg-y65 res-text\">\n                                <div class=\"text-box-content text dark\">\n              \n              <div class=\"text-inner text-center\">\n                  \n<h3 class=\"uppercase\">L\u00e1 c\u1edd xe h\u01a1i - Nh\u00e3n d\u00e1n kim lo\u1ea1i<\/h3>\n<p>Nh\u00e3n d\u00e1n kim lo\u1ea1i d\u00f9ng cho l\u00e1 c\u1edd xe h\u01a1i<\/p>\n              <\/div>\n           <\/div>\n                            \n<style>\n#text-box-1403993220 {\n  width: 75%;\n}\n#text-box-1403993220 .text-box-content {\n  font-size: 100%;\n}\n@media (min-width:550px) {\n  #text-box-1403993220 {\n    width: 45%;\n  }\n}\n<\/style>\n    <\/div>\n \n        <\/div>\n      <\/div>\n\n            \n<style>\n#banner-984257685 {\n  padding-top: 60%;\n  background-color: rgb(255,255,255);\n}\n#banner-984257685 .bg.bg-loaded {\n  background-image: url(https:\/\/jttlogos.com\/wp-content\/uploads\/2024\/03\/Car_Flags_Metal_Sticker.webp);\n}\n#banner-984257685 .overlay {\n  background-color: rgba(0, 0, 0, 0.326);\n}\n#banner-984257685 .bg {\n  background-position: 57% 51%;\n}\n<\/style>\n  <\/div>\n\n\n\t\t<\/div>\n\t\t\t\t\t<\/div>\n\n\t\n\n\t<div id=\"col-2012049454\" class=\"col medium-4 small-12 large-4\"  >\n\t\t\t\t<div class=\"col-inner\"  >\n\t\t\t\n\t\t\t\n\n  <div class=\"banner has-hover\" id=\"banner-534669124\">\n          <div class=\"banner-inner fill\">\n        <div class=\"banner-bg fill\" >\n            <div class=\"bg fill bg-fill\"><\/div>\n                        <div class=\"overlay\"><\/div>            \n                    <\/div>\n\t\t\n        <div class=\"banner-layers container\">\n            <a class=\"fill\" href=\"https:\/\/jttlogos.com\/vi\/danh-muc-san-pham\/nhan-dan-kim-loai-vo-dien-thoai\/\" ><div class=\"fill banner-link\"><\/div><\/a>            \n   <div id=\"text-box-434167208\" class=\"text-box banner-layer x5 md-x10 lg-x10 y80 md-y65 lg-y65 res-text\">\n                                <div class=\"text-box-content text dark\">\n              \n              <div class=\"text-inner text-center\">\n                  \n<h3 class=\"uppercase\">Nh\u00e3n d\u00e1n kim lo\u1ea1i \u1ed1p \u0111i\u1ec7n tho\u1ea1i<\/h3>\n<p>Nh\u00e3n d\u00e1n kim lo\u1ea1i d\u00f9ng cho \u1ed1p \u0111i\u1ec7n tho\u1ea1i<\/p>\n              <\/div>\n           <\/div>\n                            \n<style>\n#text-box-434167208 {\n  width: 75%;\n}\n#text-box-434167208 .text-box-content {\n  font-size: 100%;\n}\n@media (min-width:550px) {\n  #text-box-434167208 {\n    width: 45%;\n  }\n}\n<\/style>\n    <\/div>\n \n        <\/div>\n      <\/div>\n\n            \n<style>\n#banner-534669124 {\n  padding-top: 60%;\n  background-color: rgb(255,255,255);\n}\n#banner-534669124 .bg.bg-loaded {\n  background-image: url(https:\/\/jttlogos.com\/wp-content\/uploads\/2024\/03\/Phone_Case_Sticker.webp);\n}\n#banner-534669124 .overlay {\n  background-color: rgba(0, 0, 0, 0.326);\n}\n#banner-534669124 .bg {\n  background-position: 57% 51%;\n}\n<\/style>\n  <\/div>\n\n\n\t\t<\/div>\n\t\t\t\t\t<\/div>\n\n\t\n<\/div>\n\t\t<\/div>\n\n\t\t\n<style>\n#section_1635252323 {\n  padding-top: 25px;\n  padding-bottom: 25px;\n  margin-bottom: -25px;\n}\n@media (min-width:850px) {\n  #section_1635252323 {\n    padding-top: 40px;\n    padding-bottom: 40px;\n  }\n}\n<\/style>\n\t<\/section>","protected":false},"excerpt":{"rendered":"","protected":false},"author":1,"featured_media":2327,"parent":0,"menu_order":0,"comment_status":"closed","ping_status":"closed","template":"","meta":{"footnotes":""},"class_list":["post-61","page","type-page","status-publish","has-post-thumbnail","hentry"],"jetpack-related-posts":[],"jetpack_sharing_enabled":true,"_links":{"self":[{"href":"https:\/\/jttlogos.com\/vi\/wp-json\/wp\/v2\/pages\/61","targetHints":{"allow":["GET"]}}],"collection":[{"href":"https:\/\/jttlogos.com\/vi\/wp-json\/wp\/v2\/pages"}],"about":[{"href":"https:\/\/jttlogos.com\/vi\/wp-json\/wp\/v2\/types\/page"}],"author":[{"embeddable":true,"href":"https:\/\/jttlogos.com\/vi\/wp-json\/wp\/v2\/users\/1"}],"replies":[{"embeddable":true,"href":"https:\/\/jttlogos.com\/vi\/wp-json\/wp\/v2\/comments?post=61"}],"version-history":[{"count":0,"href":"https:\/\/jttlogos.com\/vi\/wp-json\/wp\/v2\/pages\/61\/revisions"}],"wp:featuredmedia":[{"embeddable":true,"href":"https:\/\/jttlogos.com\/vi\/wp-json\/wp\/v2\/media\/2327"}],"wp:attachment":[{"href":"https:\/\/jttlogos.com\/vi\/wp-json\/wp\/v2\/media?parent=61"}],"curies":[{"name":"Trang web","href":"https:\/\/api.w.org\/{rel}","templated":true}]}}