{"id":2976,"date":"2020-05-17T08:40:27","date_gmt":"2020-05-17T08:40:27","guid":{"rendered":"https:\/\/jttlogos.com\/?post_type=product&#038;p=2976"},"modified":"2026-03-27T08:56:16","modified_gmt":"2026-03-27T08:56:16","slug":"custom-stainless-steel-plate-metal-label-sticker-with-debossed-logo-stainless-metal-logo-plate-for-leather-bag","status":"publish","type":"product","link":"https:\/\/jttlogos.com\/vi\/san-pham\/nhan-dan-nhan-kim-loai-tam-thep-khong-gi-tuy-chinh-voi-logo-go-loi-tam-logo-kim-loai-khong-gi-cho-tui-da\/","title":{"rendered":"Custom Stainless Steel Plate Metal Label Sticker with Debossed Logo Stainless Metal Logo Plate for Equipment"},"content":{"rendered":"<div id=\"pl-2976\" class=\"panel-layout\">\n<div id=\"pg-2976-0\" class=\"panel-grid panel-no-style\" data-style=\"{&quot;background_image_attachment&quot;:false,&quot;background_display&quot;:&quot;tile&quot;,&quot;gutter&quot;:&quot;50px&quot;,&quot;collapse_order&quot;:&quot;right-top&quot;,&quot;cell_alignment&quot;:&quot;center&quot;}\">\n<div id=\"pgc-2976-0-0\" class=\"panel-grid-cell\" data-weight=\"0.5\">\n<div id=\"panel-2976-0-0-0\" class=\"so-panel widget widget_sow-editor panel-first-child panel-last-child\" data-index=\"0\" data-style=\"{&quot;padding&quot;:&quot;0px 0px 30px 0px&quot;,&quot;mobile_padding&quot;:&quot;4px 4px 4px 4px&quot;,&quot;background_image_attachment&quot;:false,&quot;background_display&quot;:&quot;tile&quot;}\">\n<div class=\"panel-widget-style panel-widget-style-for-2976-0-0-0\">\n<div class=\"so-widget-sow-editor so-widget-sow-editor-base\">\n<div class=\"siteorigin-widget-tinymce textwidget\"><\/div>\n<\/div>\n<\/div>\n<\/div>\n<\/div>\n<\/div>\n<\/div>\n<article>\n<div style=\"display: flex; flex-wrap: wrap; gap: 20px; align-items: center; margin-bottom: 30px;\">\n<div style=\"flex: 1; min-width: 300px;\">\n<p>Trong th\u1ebf gi\u1edbi c\u1ea1nh tranh v\u1ec1 x\u00e2y d\u1ef1ng th\u01b0\u01a1ng hi\u1ec7u v\u00e0 s\u1ea3n xu\u1ea5t c\u00f4ng nghi\u1ec7p, <strong>Custom Metal Logo Plates<\/strong> \u0111\u00f3ng vai tr\u00f2 l\u00e0 ch\u1eef k\u00fd cu\u1ed1i c\u00f9ng c\u1ee7a ch\u1ea5t l\u01b0\u1ee3ng. T\u1ea1i JTT Logos, ch\u00fang t\u00f4i chuy\u00ean v\u1ec1 c\u00e1c t\u1ea5m th\u00e9p kh\u00f4ng g\u1ec9 304 c\u00f3 \u0111\u1ed9 ch\u00ednh x\u00e1c cao, \u0111\u01b0\u1ee3c thi\u1ebft k\u1ebf t\u1ec9 m\u1ec9 th\u00f4ng qua c\u00e1c k\u1ef9 thu\u1eadt kh\u1eafc ti\u00ean ti\u1ebfn \u0111\u1ec3 ho\u1ea1t \u0111\u1ed9ng nh\u01b0 c\u1ea3 hai ch\u1ec9 b\u00e1o th\u01b0\u01a1ng hi\u1ec7u uy t\u00edn v\u00e0 thi\u1ebft b\u1ecb nh\u1eadn d\u1ea1ng b\u1ec1n b\u1ec9.<\/p>\n<p>Our <strong>thi\u1ebft b\u1ecb th\u1ebb nh\u1eadn d\u1ea1ng kim lo\u1ea1i<\/strong> solutions are specifically designed to withstand the harshest environments. Whether you are looking for <strong>equipment nameplates<\/strong> \u0110\u1ed1i v\u1edbi m\u00e1y m\u00f3c h\u1ea1ng n\u1eb7ng ho\u1eb7c nh\u00e3n hi\u1ec7u trang nh\u00e3 d\u00e0nh cho h\u00e0ng da sang tr\u1ecdng, k\u1ebft c\u1ea5u b\u1eb1ng th\u00e9p kh\u00f4ng g\u1ec9 304 c\u1ee7a ch\u00fang t\u00f4i \u0111\u1ea3m b\u1ea3o kh\u1ea3 n\u0103ng ch\u1ed1ng \u0103n m\u00f2n cao, ch\u1ecbu \u0111\u01b0\u1ee3c th\u1eddi ti\u1ebft kh\u1eafc nghi\u1ec7t v\u00e0 v\u1ebb ngo\u00e0i tinh t\u1ebf t\u1ed3n t\u1ea1i trong nhi\u1ec1u th\u1eadp k\u1ef7.<\/p>\n<p>&nbsp;<\/p>\n<\/div>\n<div style=\"flex: 1; min-width: 300px; text-align: center;\"><img data-recalc-dims=\"1\" decoding=\"async\" class=\"alignnone wp-image-1418\" src=\"https:\/\/i0.wp.com\/jttlogos.com\/wp-content\/uploads\/2020\/05\/stainless-steel-metal-sticker-16-1.jpg?resize=456%2C456&#038;ssl=1\" alt=\"Nh\u00e3n d\u00e1n nh\u00e3n kim lo\u1ea1i t\u1ea5m th\u00e9p kh\u00f4ng g\u1ec9 t\u00f9y ch\u1ec9nh\" width=\"456\" height=\"456\" title=\"\"><\/div>\n<\/div>\n<p><!-- Visual Characteristics Highlight --><\/p>\n<div style=\"background-color: #f8f9fa; padding: 20px; border-left: 5px solid #e67e22; margin-bottom: 30px;\">\n<h3 style=\"margin-top: 0; color: #2c3e50;\">Hi\u1ec7u su\u1ea5t &amp; Xu\u1ea5t s\u1eafc v\u1ec1 H\u00ecnh \u1ea3nh<\/h3>\n<ul style=\"column-count: 2; list-style-type: square; line-height: 1.6;\">\n<li>C\u00e1c m\u1eabu kh\u1eafc ch\u00ednh x\u00e1c v\u1edbi \u0111\u01b0\u1eddng n\u00e9t r\u00f5 r\u00e0ng<\/li>\n<li>K\u1ebft c\u1ea5u ch\u1ea3i \u0111\u1ed3ng nh\u1ea5t cho c\u1ea3m gi\u00e1c cao c\u1ea5p<\/li>\n<li>Appropriate etching depth for distinct debossing<\/li>\n<li>M\u00e0u s\u1eafc b\u1ec1 m\u1eb7t nh\u1ea5t qu\u00e1n v\u00e0 b\u1ec1 m\u1eb7t \u0111\u00e1y ph\u1eb3ng<\/li>\n<li>Vibrant, full-color infill options<\/li>\n<li>Kh\u1ea3 n\u0103ng ch\u1ed1ng oxy h\u00f3a v\u00e0 phai m\u00e0u l\u00e2u d\u00e0i<\/li>\n<\/ul>\n<\/div>\n<p><!-- Product Specifications Table --><\/p>\n<p><iframe loading=\"lazy\" title=\"Kh\u1eafc b\u1ea3ng t\u00ean kim lo\u1ea1i Nh\u00e3n d\u00e1n b\u1eb1ng kim lo\u1ea1i b\u1eb1ng th\u00e9p kh\u00f4ng g\u1ec9 c\u00f3 nh\u00e3n logo b\u0103ng keo t\u1ef1 d\u00ednh\" width=\"1020\" height=\"574\" src=\"https:\/\/www.youtube.com\/embed\/SPwG0itY5Jc?feature=oembed\" frameborder=\"0\" allow=\"accelerometer; autoplay; clipboard-write; encrypted-media; gyroscope; picture-in-picture; web-share\" referrerpolicy=\"strict-origin-when-cross-origin\" allowfullscreen><\/iframe><\/p>\n<h2 style=\"color: #2c3e50; border-bottom: 2px solid #e67e22; padding-bottom: 10px;\">Technical Specifications &amp; Parameters<\/h2>\n<div style=\"overflow-x: auto; margin-bottom: 30px;\">\n<table style=\"width: 100%; border-collapse: collapse; font-family: Arial, sans-serif;\">\n<thead>\n<tr style=\"background-color: #2c3e50; color: white; text-align: left;\">\n<th style=\"padding: 12px; border: 1px solid #ddd;\">Feature<\/th>\n<th style=\"padding: 12px; border: 1px solid #ddd;\">Th\u00f4ng s\u1ed1 k\u1ef9 thu\u1eadt chi ti\u1ebft<\/th>\n<\/tr>\n<\/thead>\n<tbody>\n<tr>\n<td style=\"padding: 12px; border: 1px solid #ddd; font-weight: bold; background-color: #f2f2f2;\">T\u00ean m\u1eb7t h\u00e0ng<\/td>\n<td style=\"padding: 12px; border: 1px solid #ddd;\">Nh\u00e3n d\u00e1n kim lo\u1ea1i b\u1eb1ng th\u00e9p kh\u00f4ng g\u1ec9 \/ B\u1ea3ng t\u00ean thi\u1ebft b\u1ecb<\/td>\n<\/tr>\n<tr>\n<td style=\"padding: 12px; border: 1px solid #ddd; font-weight: bold; background-color: #f2f2f2;\">V\u1eadt li\u1ec7u<\/td>\n<td style=\"padding: 12px; border: 1px solid #ddd;\">Th\u00e9p kh\u00f4ng g\u1ec9 304 cao c\u1ea5p<\/td>\n<\/tr>\n<tr>\n<td style=\"padding: 12px; border: 1px solid #ddd; font-weight: bold; background-color: #f2f2f2;\">Technique<\/td>\n<td style=\"padding: 12px; border: 1px solid #ddd;\">Kh\u1eafc h\u00f3a h\u1ecdc<\/td>\n<\/tr>\n<tr>\n<td style=\"padding: 12px; border: 1px solid #ddd; font-weight: bold; background-color: #f2f2f2;\">Ph\u1ea1m vi \u0111\u1ed9 d\u00e0y<\/td>\n<td style=\"padding: 12px; border: 1px solid #ddd;\">0,1mm \u0111\u1ebfn 0,5mm (Si\u00eau m\u1ecfng \u0111\u1ebfn ti\u00eau chu\u1ea9n)<\/td>\n<\/tr>\n<tr>\n<td style=\"padding: 12px; border: 1px solid #ddd; font-weight: bold; background-color: #f2f2f2;\">K\u00edch th\u01b0\u1edbc &amp; M\u00e0u s\u1eafc<\/td>\n<td style=\"padding: 12px; border: 1px solid #ddd;\">Customized to any shape, dimension, and Pantone color<\/td>\n<\/tr>\n<tr>\n<td style=\"padding: 12px; border: 1px solid #ddd; font-weight: bold; background-color: #f2f2f2;\">T\u00f9y ch\u1ecdn k\u1ebft d\u00ednh<\/td>\n<td style=\"padding: 12px; border: 1px solid #ddd;\">3M Adhesive, 3M Hot-melt Glue, Double-sided self-adhesive<\/td>\n<\/tr>\n<tr>\n<td style=\"padding: 12px; border: 1px solid #ddd; font-weight: bold; background-color: #f2f2f2;\">Certifications<\/td>\n<td style=\"padding: 12px; border: 1px solid #ddd;\">Tu\u00e2n th\u1ee7 SGS, ROHS, MSDS<\/td>\n<\/tr>\n<tr>\n<td style=\"padding: 12px; border: 1px solid #ddd; font-weight: bold; background-color: #f2f2f2;\">Supply Ability<\/td>\n<td style=\"padding: 12px; border: 1px solid #ddd;\">700.000 chi\u1ebfc m\u1ed7i ng\u00e0y<\/td>\n<\/tr>\n<tr>\n<td style=\"padding: 12px; border: 1px solid #ddd; font-weight: bold; background-color: #f2f2f2;\">Th\u1eddi gian s\u1ea3n xu\u1ea5t<\/td>\n<td style=\"padding: 12px; border: 1px solid #ddd;\">Sample: 5-7 days; Mass Production: 7-15 days<\/td>\n<\/tr>\n<\/tbody>\n<\/table>\n<\/div>\n<p><!-- Production Process --><\/p>\n<h2><img data-recalc-dims=\"1\" decoding=\"async\" class=\"aligncenter wp-image-1417 size-full\" src=\"https:\/\/i0.wp.com\/jttlogos.com\/wp-content\/uploads\/2020\/05\/Certification-JTT.jpg?resize=600%2C600&#038;ssl=1\" alt=\"Official SGS, MSDS, and ROHS reports guaranteeing the material safety and quality of JTT Logos Metal equipment nameplates\" width=\"600\" height=\"600\" title=\"\"><\/h2>\n<h2 style=\"color: #2c3e50; border-bottom: 2px solid #e67e22; padding-bottom: 10px;\">K\u1ef9 thu\u1eadt ch\u00ednh x\u00e1c: Quy tr\u00ecnh s\u1ea3n xu\u1ea5t<\/h2>\n<div style=\"display: flex; flex-wrap: wrap; justify-content: space-between; gap: 10px; margin-bottom: 30px; text-align: center;\">\n<div style=\"flex: 1; min-width: 120px; background: #eee; padding: 10px; border-radius: 5px; font-size: 0.9em;\"><strong>1. S\u00e1ng t\u1ea1o phim<\/strong><br \/>\nT\u00e1c ph\u1ea9m ngh\u1ec7 thu\u1eadt ti\u00eau c\u1ef1c<\/div>\n<div style=\"flex: 1; min-width: 120px; background: #eee; padding: 10px; border-radius: 5px; font-size: 0.9em;\"><strong>2. Surface Prep<\/strong><br \/>\nL\u00e0m s\u1ea1ch t\u1ea5m th\u00e9p<\/div>\n<div style=\"flex: 1; min-width: 120px; background: #eee; padding: 10px; border-radius: 5px; font-size: 0.9em;\"><strong>3. Ph\u1ee7 m\u1ef1c<\/strong><br \/>\nL\u1edbp c\u00e1ch \u0111i\u1ec7n<\/div>\n<div style=\"flex: 1; min-width: 120px; background: #eee; padding: 10px; border-radius: 5px; font-size: 0.9em;\"><strong>4. H\u00ecnh \u1ea3nh<\/strong><br \/>\nExposure &amp; UV<\/div>\n<div style=\"flex: 1; min-width: 120px; background: #eee; padding: 10px; border-radius: 5px; font-size: 0.9em;\"><strong>5. Kh\u1eafc<\/strong><br \/>\n\u0110\u1ed9 ch\u00ednh x\u00e1c h\u00f3a h\u1ecdc<\/div>\n<div style=\"flex: 1; min-width: 120px; background: #eee; padding: 10px; border-radius: 5px; font-size: 0.9em;\"><strong>6. Ho\u00e0n thi\u1ec7n<\/strong><br \/>\nKeo &amp; L\u1edbp ph\u1ee7<\/div>\n<div style=\"flex: 1; min-width: 120px; background: #eee; padding: 10px; border-radius: 5px; font-size: 0.9em;\"><strong>7. Ki\u1ec3m so\u00e1t ch\u1ea5t l\u01b0\u1ee3ng &amp; \u0110\u00f3ng g\u00f3i<\/strong><br \/>\nKi\u1ec3m tra 100%<\/div>\n<\/div>\n<p><!-- Why Choose Our Stickers - Comparison Card --><\/p>\n<h2><img data-recalc-dims=\"1\" decoding=\"async\" class=\"aligncenter wp-image-1417 size-full\" src=\"https:\/\/i0.wp.com\/jttlogos.com\/wp-content\/uploads\/2020\/05\/stainless-steel-productive-process.jpg?resize=600%2C600&#038;ssl=1\" alt=\"Step-by-step factory production process for JTT Logos Custom equipment nameplates\" width=\"600\" height=\"600\" title=\"\"><\/h2>\n<h2 style=\"color: #2c3e50; border-bottom: 2px solid #e67e22; padding-bottom: 10px;\">T\u1ea1i sao ch\u1ecdn b\u1ea3ng t\u00ean thi\u1ebft b\u1ecb t\u00f9y ch\u1ec9nh c\u1ee7a ch\u00fang t\u00f4i?<\/h2>\n<div style=\"display: grid; grid-template-columns: repeat(auto-fit, minmax(300px, 1fr)); gap: 20px; margin-bottom: 30px;\">\n<div style=\"border: 1px solid #e67e22; border-radius: 10px; padding: 20px; background-color: #fffaf5;\">\n<h3 style=\"color: #e67e22; margin-top: 0;\">\u0110\u1ed9 b\u1ec1n v\u00f4 song<\/h3>\n<p>Our <strong>b\u1ea3ng t\u00ean kim lo\u1ea1i cho thi\u1ebft b\u1ecb<\/strong> \u0111\u01b0\u1ee3c ch\u1ebf t\u1ea1o \u0111\u1ed9c quy\u1ec1n t\u1eeb th\u00e9p kh\u00f4ng g\u1ec9 304. \u0110i\u1ec1u n\u00e0y \u0111\u1ea3m b\u1ea3o ch\u00fang c\u00f3 kh\u1ea3 n\u0103ng ch\u1ed1ng g\u1ec9 v\u00e0 ch\u1ed1ng \u0103n m\u00f2n 100%. Kh\u00f4ng gi\u1ed1ng nh\u01b0 th\u1ebb nh\u00f4m ho\u1eb7c nh\u1ef1a, th\u1ebb c\u1ee7a ch\u00fang t\u00f4i <strong>thi\u1ebft b\u1ecb b\u1ea3ng t\u00ean<\/strong> dung d\u1ecbch ch\u1ecbu \u0111\u01b0\u1ee3c nhi\u1ec7t \u0111\u1ed9 cao v\u00e0 dung m\u00f4i c\u00f4ng nghi\u1ec7p.<\/p>\n<\/div>\n<div style=\"border: 1px solid #2c3e50; border-radius: 10px; padding: 20px; background-color: #f4f6f7;\">\n<h3 style=\"color: #2c3e50; margin-top: 0;\">Th\u1ea9m m\u1ef9 sang tr\u1ecdng<\/h3>\n<p>T\u1eeb l\u1edbp ho\u00e0n thi\u1ec7n tr\u00e1ng g\u01b0\u01a1ng cho \u0111\u1ebfn k\u1ebft c\u1ea5u m\u1edd v\u00e0 m\u1edd, ch\u00fang t\u00f4i mang l\u1ea1i c\u1ea3m gi\u00e1c kim lo\u1ea1i cao c\u1ea5p. Cho d\u00f9 \u0111\u00f3 l\u00e0 d\u00e0nh cho <strong>b\u1ea3ng t\u00ean thi\u1ebft b\u1ecb t\u00f9y ch\u1ec9nh<\/strong> ho\u1eb7c c\u00e1c thi\u1ebft b\u1ecb \u0111i\u1ec7n t\u1eed cao c\u1ea5p, c\u00e1c \u0111\u01b0\u1eddng vi\u1ec1n c\u1ea1nh kh\u00e1c bi\u1ec7t v\u00e0 d\u00f2ng ch\u1eef \u0111\u01b0\u1ee3c d\u1eadp n\u1ed5i mang \u0111\u1ebfn v\u1ebb ngo\u00e0i chuy\u00ean nghi\u1ec7p, cao c\u1ea5p.<\/p>\n<\/div>\n<\/div>\n<p><!-- Application Section --><\/p>\n<h2 style=\"color: #2c3e50; border-bottom: 2px solid #e67e22; padding-bottom: 10px;\">Versatile Applications: Where Reliability Meets Design<\/h2>\n<p>Theo d\u1eef li\u1ec7u ng\u00e0nh, nhu c\u1ea7u v\u1ec1 ch\u1ea5t l\u01b0\u1ee3ng cao <strong>th\u1ebb t\u00ean thi\u1ebft b\u1ecb<\/strong> \u0111\u00e3 t\u0103ng 15% trong l\u0129nh v\u1ef1c c\u00f4ng nghi\u1ec7p do c\u00e1c quy \u0111\u1ecbnh v\u1ec1 an to\u00e0n v\u00e0 nh\u1eadn d\u1ea1ng ch\u1eb7t ch\u1ebd h\u01a1n. S\u1ea3n ph\u1ea9m c\u1ee7a ch\u00fang t\u00f4i ph\u1ee5c v\u1ee5 \u0111a d\u1ea1ng c\u00e1c l\u0129nh v\u1ef1c:<\/p>\n<div style=\"display: flex; flex-wrap: wrap; gap: 15px; margin-bottom: 30px;\">\n<div style=\"flex: 1; background: #f9f9f9; padding: 15px; border-radius: 8px; border: 1px solid #ddd;\"><strong>M\u00e1y m\u00f3c c\u00f4ng nghi\u1ec7p<\/strong><br \/>\n\u0110\u1ed9 b\u1ec1n cao <strong>b\u1ea3ng t\u00ean thi\u1ebft b\u1ecb kim lo\u1ea1i<\/strong> d\u00e0nh cho c\u00e1c b\u1ea3ng \u0111i\u1ec1u khi\u1ec3n y\u00eau c\u1ea7u kh\u1ea3 n\u0103ng ch\u1ed1ng ch\u1ecbu h\u00f3a ch\u1ea5t v\u00e0 m\u00e0i m\u00f2n.<\/div>\n<div style=\"flex: 1; background: #f9f9f9; padding: 15px; border-radius: 8px; border: 1px solid #ddd;\"><strong>Traffic &amp; Outdoor Signs<\/strong><br \/>\n\u0110\u01b0\u1eddng b\u1eb1ng th\u00e9p kh\u00f4ng g\u1ec9 304 ch\u1ecbu \u0111\u01b0\u1ee3c th\u1eddi ti\u1ebft v\u00e0 bi\u1ec3n ch\u1ec9 d\u1eabn ch\u1ecbu \u0111\u01b0\u1ee3c tia UV trong th\u1eddi gian d\u00e0i.<\/div>\n<div style=\"flex: 1; background: #f9f9f9; padding: 15px; border-radius: 8px; border: 1px solid #ddd;\"><strong>\u0110i\u1ec7n t\u1eed ti\u00eau d\u00f9ng<\/strong><br \/>\nLogo v\u00e0 m\u00f4 h\u00ecnh th\u01b0\u01a1ng hi\u1ec7u tinh t\u1ebf <strong>equipment name plate<\/strong> identifiers for premium gadgets and packaging.<\/div>\n<\/div>\n<p><!-- Installation Guide --><\/p>\n<h2><img data-recalc-dims=\"1\" decoding=\"async\" class=\"aligncenter wp-image-1417 size-full\" src=\"https:\/\/i0.wp.com\/jttlogos.com\/wp-content\/uploads\/2020\/05\/JTT-application-scenarios.jpg?resize=600%2C600&#038;ssl=1\" alt=\"applications of JTT Logos Custom Metal nameplates for equipment\" width=\"600\" height=\"600\" title=\"\"><\/h2>\n<h2 style=\"color: #2c3e50; border-bottom: 2px solid #e67e22; padding-bottom: 10px;\">H\u01b0\u1edbng d\u1eabn c\u00e0i \u0111\u1eb7t chuy\u00ean nghi\u1ec7p<\/h2>\n<div style=\"background-color: #fff; border: 1px solid #ddd; padding: 20px; border-radius: 8px; margin-bottom: 30px;\">\n<ol style=\"line-height: 1.8;\">\n<li><strong>Surface Preparation:<\/strong> Lau b\u1ec1 m\u1eb7t s\u1ea3n ph\u1ea9m b\u1eb1ng v\u1ea3i kh\u00f4. S\u1eed d\u1ee5ng c\u1ed3n c\u00f4ng nghi\u1ec7p n\u1ebfu c\u00f3 v\u1ebft d\u1ea7u.<\/li>\n<li><strong>L\u1ed9t v\u1ecf:<\/strong> Carefully remove the release paper from the back of the metal sticker. Ensure the front surface film remains intact.<\/li>\n<li><strong>\u1ee8ng d\u1ee5ng:<\/strong> C\u0103n ch\u1ec9nh v\u00e0 g\u1eafn <strong>T\u1ea5m logo kim lo\u1ea1i t\u00f9y ch\u1ec9nh<\/strong> \u0111\u1ebfn b\u1ec1 m\u1eb7t mong mu\u1ed1n.<\/li>\n<li><strong>B\u1ea3o \u0111\u1ea3m:<\/strong> Nh\u1ea5n m\u1ea1nh tr\u00ean to\u00e0n b\u1ed9 b\u1ec1 m\u1eb7t b\u1eb1ng v\u1ea3i kh\u00f4 \u0111\u1ec3 k\u00edch ho\u1ea1t ch\u1ea5t k\u1ebft d\u00ednh.<\/li>\n<li><strong>B\u01b0\u1edbc cu\u1ed1i c\u00f9ng:<\/strong> B\u00f3c l\u1edbp m\u00e0ng b\u1ea3o v\u1ec7 b\u1ec1 m\u1eb7t \u1edf g\u00f3c 45 \u0111\u1ed9. Keo d\u01b0 \u1edf c\u00e1c c\u1ea1nh s\u1ebd \u0111\u01b0\u1ee3c lo\u1ea1i b\u1ecf c\u00f9ng v\u1edbi m\u00e0ng n\u1ebfu \u0111\u01b0\u1ee3c \u00e9p \u0111\u00fang c\u00e1ch.<\/li>\n<\/ol>\n<\/div>\n<p><!-- Quality Control \/ Testing Section --><\/p>\n<h2 style=\"color: #2c3e50; border-bottom: 2px solid #e67e22; padding-bottom: 10px;\">Ki\u1ec3m tra v\u00e0 \u0111\u1ea3m b\u1ea3o ch\u1ea5t l\u01b0\u1ee3ng nghi\u00eam ng\u1eb7t<\/h2>\n<p>\u0110\u1ec3 \u0111\u1ea3m b\u1ea3o c\u1ee7a ch\u00fang t\u00f4i <strong>b\u1ea3ng t\u00ean kim lo\u1ea1i cho thi\u1ebft b\u1ecb<\/strong> \u0111\u00e1p \u1ee9ng ti\u00eau chu\u1ea9n qu\u1ed1c t\u1ebf, m\u1ed7i l\u00f4 \u0111\u1ec1u tr\u1ea3i qua s\u00e1u b\u00e0i ki\u1ec3m tra thi\u1ebft y\u1ebfu:<\/p>\n<div style=\"display: grid; grid-template-columns: repeat(auto-fit, minmax(250px, 1fr)); gap: 15px; margin-bottom: 30px;\">\n<div style=\"padding: 15px; border: 1px solid #eee; background: #fcfcfc;\"><strong>1. Ki\u1ec3m tra \u0111\u1ed9 b\u00e1m d\u00ednh:<\/strong> \u0110\u00e1nh gi\u00e1 ch\u1ea5t l\u01b0\u1ee3ng li\u00ean k\u1ebft m\u1ef1c sau nhu\u1ed9m.<\/div>\n<div style=\"padding: 15px; border: 1px solid #eee; background: #fcfcfc;\"><strong>2. Ki\u1ec3m tra nhi\u1ec7t \u0111\u1ed9 cao\/th\u1ea5p:<\/strong> Kh\u1eb3ng \u0111\u1ecbnh s\u1ef1 \u1ed5n \u0111\u1ecbnh trong m\u00f4i tr\u01b0\u1eddng nhi\u1ec7t \u0111\u1ed9 xen k\u1ebd v\u00e0 nhi\u1ec7t \u1ea9m.<\/div>\n<div style=\"padding: 15px; border: 1px solid #eee; background: #fcfcfc;\"><strong>3. Th\u1eed nghi\u1ec7m phun mu\u1ed1i:<\/strong> M\u00f4 ph\u1ecfng b\u1ea7u kh\u00f4ng kh\u00ed ch\u1ee9a nhi\u1ec1u mu\u1ed1i kh\u1eafc nghi\u1ec7t \u0111\u1ec3 ki\u1ec3m tra kh\u1ea3 n\u0103ng ch\u1ed1ng \u0103n m\u00f2n.<\/div>\n<div style=\"padding: 15px; border: 1px solid #eee; background: #fcfcfc;\"><strong>4. Th\u1eed nghi\u1ec7m th\u1ea3 r\u01a1i:<\/strong> M\u00f4 ph\u1ecfng c\u00e1c c\u00fa s\u1ed1c v\u1eadn chuy\u1ec3n \u0111\u1ec3 \u0111\u1ea3m b\u1ea3o t\u00ednh to\u00e0n v\u1eb9n c\u1ee7a c\u1ea5u tr\u00fac.<\/div>\n<div style=\"padding: 15px; border: 1px solid #eee; background: #fcfcfc;\"><strong>5. Ki\u1ec3m tra u\u1ed1n:<\/strong> \u0110\u1ea3m b\u1ea3o logo v\u1eabn \u0111\u01b0\u1ee3c g\u1eafn ngay c\u1ea3 khi l\u1edbp n\u1ec1n b\u1ecb u\u1ed1n cong.<\/div>\n<div style=\"padding: 15px; border: 1px solid #eee; background: #fcfcfc;\"><strong>6. Ki\u1ec3m tra b\u0103ng:<\/strong> M\u1ed9t \u0111\u00e1nh gi\u00e1 chuy\u00ean bi\u1ec7t v\u1ec1 \u0111\u1ed9 b\u1ec1n tuy\u1ec7t \u0111\u1ed1i c\u1ee7a ch\u1ea5t li\u00ean k\u1ebft.<\/div>\n<\/div>\n<p><!-- FAQ Knowledge Points --><\/p>\n<h2 style=\"color: #2c3e50; border-bottom: 2px solid #e67e22; padding-bottom: 10px;\">Frequently Asked Questions (FAQ)<\/h2>\n<div style=\"margin-bottom: 30px;\">\n<div style=\"margin-bottom: 15px; border-bottom: 1px solid #eee; padding-bottom: 10px;\">\n<p style=\"font-weight: bold; color: #e67e22;\">H\u1ecfi: Th\u00e9p kh\u00f4ng g\u1ec9 304 c\u00f3 l\u1ee3i \u00edch g\u00ec so v\u1edbi c\u00e1c v\u1eadt li\u1ec7u kh\u00e1c?<\/p>\n<p>Tr\u1ea3 l\u1eddi: Th\u00e9p kh\u00f4ng g\u1ec9 304 mang l\u1ea1i s\u1ef1 c\u00e2n b\u1eb1ng t\u1ed1t nh\u1ea5t v\u1ec1 kh\u1ea3 n\u0103ng ch\u1ed1ng \u0103n m\u00f2n, \u0111\u1ed9 b\u1ec1n v\u00e0 hi\u1ec7u qu\u1ea3 chi ph\u00ed cho <strong>equipment nameplates<\/strong>. N\u00f3 kh\u00f4ng b\u1ecb r\u1ec9 s\u00e9t v\u00e0 duy tr\u00ec \u0111\u1ed9 b\u00f3ng kim lo\u1ea1i ngay c\u1ea3 trong m\u00f4i tr\u01b0\u1eddng ngo\u00e0i tr\u1eddi ho\u1eb7c c\u00f4ng nghi\u1ec7p.<\/p>\n<\/div>\n<div style=\"margin-bottom: 15px; border-bottom: 1px solid #eee; padding-bottom: 10px;\">\n<p style=\"font-weight: bold; color: #e67e22;\">Q: Can you handle high-volume wholesale orders?<\/p>\n<p>\u0110: V\u00e2ng! JTT Logos c\u00f3 kh\u1ea3 n\u0103ng cung c\u1ea5p 700.000 chi\u1ebfc m\u1ed7i ng\u00e0y, khi\u1ebfn ch\u00fang t\u00f4i tr\u1edf th\u00e0nh \u0111\u1ed1i t\u00e1c \u01b0a th\u00edch c\u1ee7a c\u00e1c doanh nghi\u1ec7p c\u00f4ng nghi\u1ec7p quy m\u00f4 l\u1edbn <strong>b\u1ea3ng t\u00ean thi\u1ebft b\u1ecb<\/strong> ch\u1ebf t\u1ea1o.<\/p>\n<\/div>\n<div style=\"margin-bottom: 15px; border-bottom: 1px solid #eee; padding-bottom: 10px;\">\n<p style=\"font-weight: bold; color: #e67e22;\">Q: B\u1ea1n c\u00f3 cung c\u1ea5p h\u00ecnh d\u1ea1ng v\u00e0 k\u00edch c\u1ee1 t\u00f9y ch\u1ec9nh kh\u00f4ng?<\/p>\n<p>\u0110: Ch\u1eafc ch\u1eafn r\u1ed3i. C\u1ee7a ch\u00fang t\u00f4i <strong>b\u1ea3ng t\u00ean thi\u1ebft b\u1ecb t\u00f9y ch\u1ec9nh<\/strong> c\u00f3 th\u1ec3 \u0111\u01b0\u1ee3c \u0111i\u1ec1u ch\u1ec9nh cho ph\u00f9 h\u1ee3p v\u1edbi b\u1ea5t k\u1ef3 thi\u1ebft k\u1ebf AI, PDF ho\u1eb7c CAD n\u00e0o m\u00e0 b\u1ea1n cung c\u1ea5p, bao g\u1ed3m c\u00e1c h\u00ecnh d\u1ea1ng c\u1eaft khu\u00f4n ph\u1ee9c t\u1ea1p v\u00e0 \u0111\u1ed9 s\u00e2u kh\u1eafc c\u1ee5 th\u1ec3.<\/p>\n<\/div>\n<\/div>\n<p><!-- About Us & CTA --><\/p>\n<h2 style=\"color: #2c3e50; border-bottom: 2px solid #e67e22; padding-bottom: 10px;\">About JTT Logos: Your Trusted Metal Label Expert<\/h2>\n<p><img data-recalc-dims=\"1\" decoding=\"async\" class=\"aligncenter wp-image-1417 size-full\" src=\"https:\/\/i0.wp.com\/jttlogos.com\/wp-content\/uploads\/2020\/05\/jtt-company-advantage-1.jpg?resize=600%2C600&#038;ssl=1\" alt=\"our core advantages of choosing JTT Logos for equipment nameplate tags\" width=\"600\" height=\"600\" title=\"\"><\/p>\n<div style=\"background-color: #2c3e50; color: white; padding: 30px; border-radius: 10px;\">\n<p>With over <strong>16 years of experience<\/strong> trong ng\u00e0nh nh\u00e3n kim lo\u1ea1i, JTT Logos l\u00e0 nh\u00e0 s\u1ea3n xu\u1ea5t h\u00e0ng \u0111\u1ea7u chuy\u00ean v\u1ec1 <strong>Custom Metal Logo Plates<\/strong>. Chuy\u00ean m\u00f4n c\u1ee7a ch\u00fang t\u00f4i \u0111\u01b0\u1ee3c c\u00e1c nh\u00e0 l\u00e3nh \u0111\u1ea1o to\u00e0n c\u1ea7u tin t\u01b0\u1edfng, bao g\u1ed3m <strong>Tesla, Samsung, Haier, Gree, Panasonic v\u00e0 Lenovo<\/strong>. Ho\u1ea1t \u0111\u1ed9ng kinh doanh ch\u00ednh c\u1ee7a JTT:\u00a0<a href=\"https:\/\/jttlogos.com\/vi\/\"><strong>Nh\u00e3n d\u00e1n kim lo\u1ea1i<\/strong><\/a>,\u00a0<a href=\"https:\/\/jttlogos.com\/vi\/danh-muc-san-pham\/nhan-dan-kim-loai-niken\/\"><strong>Niken\u00a0<\/strong><strong>Nh\u00e3n d\u00e1n logo kim lo\u1ea1i<\/strong><\/a><a title=\"Nh\u00e3n d\u00e1n logo kim lo\u1ea1i\" href=\"https:\/\/jttlogos.com\/vi\/\">,<\/a>\u00a0<a href=\"https:\/\/jttlogos.com\/vi\/danh-muc-san-pham\/nhan-dan-kim-loai-thep-khong-gi\/\"><strong>Nh\u00e3n d\u00e1n logo kim lo\u1ea1i b\u1eb1ng th\u00e9p kh\u00f4ng g\u1ec9<\/strong><\/a>,\u00a0<a href=\"https:\/\/jttlogos.com\/vi\/danh-muc-san-pham\/nhan-dan-kim-loai-3d\/\"><strong>Nh\u00e3n d\u00e1n logo kim lo\u1ea1i m\u1ea1 \u0111i\u1ec7n 3D<\/strong><\/a>,\u00a0<a href=\"https:\/\/jttlogos.com\/vi\/danh-muc-san-pham\/mieng-dan-kim-loai-dang-luoi-loa\/\"><strong>Mi\u1ebfng d\u00e1n kim lo\u1ea1i d\u1ea1ng l\u01b0\u1edbi loa<\/strong><\/a>.<\/p>\n<h3 style=\"color: #e67e22;\">4 \u0111\u1ea3m b\u1ea3o c\u1ed1t l\u00f5i c\u1ee7a ch\u00fang t\u00f4i:<\/h3>\n<ul style=\"line-height: 1.6;\">\n<li><strong>Superior Quality:<\/strong> Ch\u00fang t\u00f4i ch\u1ec9 s\u1eed d\u1ee5ng th\u00e9p kh\u00f4ng g\u1ec9 304 cao c\u1ea5p v\u00e0 QC nghi\u00eam ng\u1eb7t.<\/li>\n<li><strong>Competitive Pricing:<\/strong> S\u1ea3n xu\u1ea5t tr\u1ef1c ti\u1ebfp t\u1ea1i nh\u00e0 m\u00e1y \u0111\u1ea3m b\u1ea3o gi\u00e1 tr\u1ecb t\u1ed1t nh\u1ea5t.<\/li>\n<li><strong>Expert R&amp;D:<\/strong> Gi\u1ea3i ph\u00e1p s\u00e1ng t\u1ea1o cho nhu c\u1ea7u x\u00e2y d\u1ef1ng th\u01b0\u01a1ng hi\u1ec7u ph\u1ee9c t\u1ea1p.<\/li>\n<li><strong>Giao h\u00e0ng k\u1ecbp th\u1eddi:<\/strong> Chu k\u1ef3 s\u1ea3n xu\u1ea5t hi\u1ec7u qu\u1ea3 \u0111\u1ec3 \u0111\u00e1p \u1ee9ng th\u1eddi h\u1ea1n c\u1ee7a b\u1ea1n.<\/li>\n<\/ul>\n<div style=\"text-align: center; margin-top: 20px;\">\n<p style=\"font-size: 1.2em; font-weight: bold;\">S\u1eb5n s\u00e0ng n\u00e2ng cao th\u01b0\u01a1ng hi\u1ec7u thi\u1ebft b\u1ecb c\u1ee7a b\u1ea1n?<\/p>\n<p><a style=\"display: inline-block; background-color: #e67e22; color: white; padding: 15px 30px; text-decoration: none; border-radius: 5px; font-weight: bold; margin-top: 10px;\" href=\"https:\/\/jttlogos.com\/vi\/lien-he-chung-toi\/\">Y\u00eau c\u1ea7u b\u00e1o gi\u00e1 t\u00f9y ch\u1ec9nh ngay h\u00f4m nay!<\/a><\/p>\n<\/div>\n<\/div>\n<\/article>","protected":false},"excerpt":{"rendered":"<p>JTT l\u00e0 nh\u00e0 cung c\u1ea5p v\u00e0 s\u1ea3n xu\u1ea5t h\u00e0ng \u0111\u1ea7u th\u1ebf gi\u1edbi v\u1ec1 Nh\u00e3n d\u00e1n kim lo\u1ea1i, Nh\u00e3n d\u00e1n niken, Nh\u00e3n d\u00e1n th\u00e9p kh\u00f4ng g\u1ec9, Nh\u00e3n d\u00e1n kim lo\u1ea1i 3D, Loa l\u01b0\u1edbi, chuy\u00ean v\u1ec1 ng\u00e0nh n\u00e0y h\u01a1n 14 n\u0103m.<\/p>\n<p>Gi\u00e1 c\u1ee5 th\u1ec3 \u0111\u01b0\u1ee3c x\u00e1c \u0111\u1ecbnh b\u1edfi s\u1ea3n ph\u1ea9m.<\/p>","protected":false},"featured_media":2960,"comment_status":"open","ping_status":"closed","template":"","meta":[],"product_brand":[],"product_cat":[52],"product_tag":[],"class_list":{"0":"post-2976","1":"product","2":"type-product","3":"status-publish","4":"has-post-thumbnail","6":"product_cat-stainless-steel-metal-sticker","8":"first","9":"instock","10":"shipping-taxable","11":"product-type-simple"},"jetpack-related-posts":[],"jetpack_sharing_enabled":true,"_links":{"self":[{"href":"https:\/\/jttlogos.com\/vi\/wp-json\/wp\/v2\/product\/2976","targetHints":{"allow":["GET"]}}],"collection":[{"href":"https:\/\/jttlogos.com\/vi\/wp-json\/wp\/v2\/product"}],"about":[{"href":"https:\/\/jttlogos.com\/vi\/wp-json\/wp\/v2\/types\/product"}],"replies":[{"embeddable":true,"href":"https:\/\/jttlogos.com\/vi\/wp-json\/wp\/v2\/comments?post=2976"}],"wp:featuredmedia":[{"embeddable":true,"href":"https:\/\/jttlogos.com\/vi\/wp-json\/wp\/v2\/media\/2960"}],"wp:attachment":[{"href":"https:\/\/jttlogos.com\/vi\/wp-json\/wp\/v2\/media?parent=2976"}],"wp:term":[{"taxonomy":"product_brand","embeddable":true,"href":"https:\/\/jttlogos.com\/vi\/wp-json\/wp\/v2\/product_brand?post=2976"},{"taxonomy":"product_cat","embeddable":true,"href":"https:\/\/jttlogos.com\/vi\/wp-json\/wp\/v2\/product_cat?post=2976"},{"taxonomy":"product_tag","embeddable":true,"href":"https:\/\/jttlogos.com\/vi\/wp-json\/wp\/v2\/product_tag?post=2976"}],"curies":[{"name":"wp","href":"https:\/\/api.w.org\/{rel}","templated":true}]}}