{"id":4014,"date":"2020-06-12T07:16:54","date_gmt":"2020-06-12T07:16:54","guid":{"rendered":"https:\/\/jttlogos.com\/?post_type=product&#038;p=4014"},"modified":"2026-03-30T04:52:47","modified_gmt":"2026-03-30T04:52:47","slug":"china-manufacture-custom-logo-waterproof-adhesive-3d-metal-nickel-car-stickers","status":"publish","type":"product","link":"https:\/\/jttlogos.com\/vi\/san-pham\/trung-quoc-san-xuat-logo-tuy-chinh-keo-chong-tham-nuoc-3d-kim-loai-niken-dan-xe\/","title":{"rendered":"Huy hi\u1ec7u \u00f4 t\u00f4 t\u1ef1 \u0111\u1ed9ng- Nh\u00e3n d\u00e1n \u00f4 t\u00f4 kim lo\u1ea1i \u0111\u1ecbnh h\u00ecnh \u0111i\u1ec7n 3D t\u00f9y ch\u1ec9nh"},"content":{"rendered":"<div id=\"pl-4014\" class=\"panel-layout\">\n<div id=\"pg-4014-0\" class=\"panel-grid panel-no-style\" data-style=\"{&quot;background_image_attachment&quot;:false,&quot;background_display&quot;:&quot;tile&quot;,&quot;gutter&quot;:&quot;50px&quot;,&quot;collapse_order&quot;:&quot;right-top&quot;,&quot;cell_alignment&quot;:&quot;center&quot;}\">\n<div id=\"pgc-4014-0-0\" class=\"panel-grid-cell\" data-weight=\"0.5\">\n<div id=\"panel-4014-0-0-0\" class=\"so-panel widget widget_sow-editor panel-first-child panel-last-child\" data-index=\"0\" data-style=\"{&quot;padding&quot;:&quot;0px 0px 30px 0px&quot;,&quot;mobile_padding&quot;:&quot;4px 4px 4px 4px&quot;,&quot;background_image_attachment&quot;:false,&quot;background_display&quot;:&quot;tile&quot;}\">\n<div class=\"panel-widget-style panel-widget-style-for-4014-0-0-0\">\n<div class=\"so-widget-sow-editor so-widget-sow-editor-base\">\n<div class=\"siteorigin-widget-tinymce textwidget\"><\/div>\n<\/div>\n<\/div>\n<\/div>\n<\/div>\n<\/div>\n<div id=\"pg-4014-1\" class=\"panel-grid panel-has-style\" data-style=\"{&quot;padding&quot;:&quot;0px 0px 30px 0px&quot;,&quot;mobile_padding&quot;:&quot;0px 0px 0px 0px&quot;,&quot;background_image_attachment&quot;:false,&quot;background_display&quot;:&quot;tile&quot;,&quot;gutter&quot;:&quot;50px&quot;,&quot;cell_alignment&quot;:&quot;center&quot;}\">\n<div class=\"panel-row-style panel-row-style-for-4014-1\">\n<div id=\"pgc-4014-1-1\" class=\"panel-grid-cell\" data-weight=\"0.5\">\n<div id=\"panel-4014-1-1-0\" class=\"so-panel widget widget_sow-editor panel-first-child panel-last-child\" data-index=\"3\" data-style=\"{&quot;padding&quot;:&quot;0px 0px 0px 0px&quot;,&quot;mobile_padding&quot;:&quot;0px 0px 0px 0px&quot;,&quot;background_image_attachment&quot;:false,&quot;background_display&quot;:&quot;tile&quot;}\">\n<div class=\"panel-widget-style panel-widget-style-for-4014-1-1-0\">\n<div class=\"so-widget-sow-editor so-widget-sow-editor-base\">\n<div class=\"siteorigin-widget-tinymce textwidget\">\n<div class=\"do-entry do-entry-full\">\n<div class=\"do-entry-list\"><\/div>\n<\/div>\n<\/div>\n<\/div>\n<\/div>\n<\/div>\n<\/div>\n<\/div>\n<\/div>\n<\/div>\n<article>Trong th\u1ecb tr\u01b0\u1eddng \u00f4 t\u00f4 c\u1ea1nh tranh, nh\u1eadn di\u1ec7n th\u01b0\u01a1ng hi\u1ec7u l\u00e0 t\u1ea5t c\u1ea3. Cho d\u00f9 b\u1ea1n l\u00e0 nh\u00e0 s\u1ea3n xu\u1ea5t OEM hay ng\u01b0\u1eddi \u0111am m\u00ea h\u1eadu m\u00e3i, ch\u1ea5t l\u01b0\u1ee3ng c\u1ee7a b\u1ea1n <strong>huy hi\u1ec7u \u00f4 t\u00f4<\/strong> \u0111\u00f3ng vai tr\u00f2 l\u00e0 \u201cc\u00e1i b\u1eaft tay\u201d gi\u1eefa ph\u01b0\u01a1ng ti\u1ec7n c\u1ee7a b\u1ea1n v\u00e0 th\u1ebf gi\u1edbi. Theo b\u00e1o c\u00e1o c\u1ee7a ng\u00e0nh, th\u1ecb tr\u01b0\u1eddng bi\u1ec3u t\u01b0\u1ee3ng \u00f4 t\u00f4 to\u00e0n c\u1ea7u d\u1ef1 ki\u1ebfn \u200b\u200b\u200b\u200bs\u1ebd \u0111\u1ea1t m\u1ee9c \u0111\u1ecbnh gi\u00e1 \u0111\u00e1ng k\u1ec3 v\u00e0o n\u0103m 2030, \u0111\u01b0\u1ee3c th\u00fac \u0111\u1ea9y b\u1edfi t\u1ed1c \u0111\u1ed9 CAGR 4,5% trong xu h\u01b0\u1edbng c\u00e1 nh\u00e2n h\u00f3a. ch\u1ea5t l\u01b0\u1ee3ng cao <strong>ph\u00f9 hi\u1ec7u \u00f4 t\u00f4<\/strong> kh\u00f4ng c\u00f2n ch\u1ec9 l\u00e0 nh\u1eefng \u0111\u1ecbnh danh; ch\u00fang l\u00e0 bi\u1ec3u t\u01b0\u1ee3ng c\u1ee7a s\u1ef1 sang tr\u1ecdng v\u00e0 b\u1ec1n b\u1ec9.<iframe loading=\"lazy\" title=\"T\u00f9y ch\u1ec9nh m\u1ea1nh m\u1ebd t\u1ef1 d\u00ednh kim lo\u1ea1i d\u00e0y nh\u00e3n d\u00e1n m\u1ea1 kim lo\u1ea1i 3D logo d\u00e1n cho nh\u00e3n d\u00e1n xe\" width=\"1020\" height=\"574\" src=\"https:\/\/www.youtube.com\/embed\/ufxaVQ63bn4?feature=oembed\" frameborder=\"0\" allow=\"accelerometer; autoplay; clipboard-write; encrypted-media; gyroscope; picture-in-picture; web-share\" referrerpolicy=\"strict-origin-when-cross-origin\" allowfullscreen><\/iframe><\/p>\n<p>&nbsp;<\/p>\n<p>T\u1ea1i JttLogos, ch\u00fang t\u00f4i t\u1eadn d\u1ee5ng h\u01a1n 16 n\u0103m chuy\u00ean m\u00f4n v\u1ec1 \u0111i\u1ec7n h\u00f3a \u0111\u1ec3 s\u1ea3n xu\u1ea5t <strong>ph\u00f9 hi\u1ec7u \u00f4 t\u00f4<\/strong> chuy\u00ean gia tin t\u01b0\u1edfng. Nh\u00e3n d\u00e1n niken kim lo\u1ea1i 3D c\u1ee7a ch\u00fang t\u00f4i mang l\u1ea1i \u0111\u1ed9 b\u00f3ng kim lo\u1ea1i r\u1ef1c r\u1ee1 v\u00e0 hi\u1ec7u \u1ee9ng d\u1eadp n\u1ed5i ba chi\u1ec1u m\u00e0 \u0111\u1ec1 can nh\u1ef1a truy\u1ec1n th\u1ed1ng kh\u00f4ng th\u1ec3 s\u00e1nh \u0111\u01b0\u1ee3c.<\/p>\n<h2 id=\"product-parameters\">Th\u00f4ng s\u1ed1 k\u1ef9 thu\u1eadt: Huy hi\u1ec7u xe \u0111\u01b0\u1ee3c thi\u1ebft k\u1ebf ch\u00ednh x\u00e1c<\/h2>\n<p>Our <strong>ph\u00f9 hi\u1ec7u xe<\/strong> \u0111\u01b0\u1ee3c s\u1ea3n xu\u1ea5t b\u1eb1ng k\u1ef9 thu\u1eadt m\u1ea1 \u0111i\u1ec7n ti\u00ean ti\u1ebfn, \u0111\u1ea3m b\u1ea3o \u0111\u1ed9 ch\u00ednh x\u00e1c \u1edf m\u1ee9c micron cho c\u00e1c logo v\u00e0 bi\u1ec3u t\u01b0\u1ee3ng ph\u1ee9c t\u1ea1p <strong>ch\u1eef huy hi\u1ec7u xe t\u00f9y ch\u1ec9nh<\/strong>.<\/p>\n<div style=\"overflow-x: auto;\">\n<table style=\"width: 100%; border-collapse: collapse; margin: 20px 0; font-family: Arial, sans-serif; border: 1px solid #ddd;\">\n<thead>\n<tr style=\"background-color: #f2f2f2; text-align: left;\">\n<th style=\"padding: 12px; border: 1px solid #ddd;\">Parameter<\/th>\n<th style=\"padding: 12px; border: 1px solid #ddd;\">Chi ti\u1ebft<\/th>\n<\/tr>\n<\/thead>\n<tbody>\n<tr>\n<td style=\"padding: 12px; border: 1px solid #ddd; font-weight: bold;\">V\u1eadt li\u1ec7u<\/td>\n<td style=\"padding: 12px; border: 1px solid #ddd;\">Niken \/ Kim lo\u1ea1i cao c\u1ea5p<\/td>\n<\/tr>\n<tr>\n<td style=\"padding: 12px; border: 1px solid #ddd; font-weight: bold;\">Technique<\/td>\n<td style=\"padding: 12px; border: 1px solid #ddd;\">M\u1ea1 \u0111i\u1ec7n (Y\u00eau c\u1ea7u khu\u00f4n t\u00f9y ch\u1ec9nh)<\/td>\n<\/tr>\n<tr>\n<td style=\"padding: 12px; border: 1px solid #ddd; font-weight: bold;\">Ph\u1ea1m vi \u0111\u1ed9 d\u00e0y<\/td>\n<td style=\"padding: 12px; border: 1px solid #ddd;\">0,45 mm \u0111\u1ebfn 10 mm (3D si\u00eau m\u1ecfng \u0111\u1ebfn n\u1eb7ng)<\/td>\n<\/tr>\n<tr>\n<td style=\"padding: 12px; border: 1px solid #ddd; font-weight: bold;\">Adhesive Type<\/td>\n<td style=\"padding: 12px; border: 1px solid #ddd;\">Keo 3M, Keo n\u00f3ng ch\u1ea3y 3M, Keo t\u1ef1 d\u00ednh 2 m\u1eb7t<\/td>\n<\/tr>\n<tr>\n<td style=\"padding: 12px; border: 1px solid #ddd; font-weight: bold;\">Certifications<\/td>\n<td style=\"padding: 12px; border: 1px solid #ddd;\">SGS, ROHS, MSDS<\/td>\n<\/tr>\n<tr>\n<td style=\"padding: 12px; border: 1px solid #ddd; font-weight: bold;\">Supply Ability<\/td>\n<td style=\"padding: 12px; border: 1px solid #ddd;\">700.000 chi\u1ebfc m\u1ed7i ng\u00e0y<\/td>\n<\/tr>\n<\/tbody>\n<\/table>\n<\/div>\n<h2><img data-recalc-dims=\"1\" decoding=\"async\" class=\"aligncenter wp-image-1417 size-full\" src=\"https:\/\/i0.wp.com\/jttlogos.com\/wp-content\/uploads\/2020\/05\/Certification-JTT.jpg?resize=600%2C600&#038;ssl=1\" alt=\"SGS MSDS cho Logo JTT Bi\u1ec3u t\u01b0\u1ee3ng v\u00e0 huy hi\u1ec7u xe h\u01a1i t\u00f9y ch\u1ec9nh\" width=\"600\" height=\"600\" title=\"\"><\/h2>\n<h2><span style=\"font-size: 75%;\">Th\u00f4ng tin b\u1ed5 sung:<\/span><\/h2>\n<h2><span style=\"font-size: 75%;\"><a href=\"https:\/\/jttlogos.com\/vi\/danh-muc-san-pham\/3d-sticker\/\">Nh\u00e3n d\u00e1n kim lo\u1ea1i 3D<\/a><\/span><br \/>\n<span style=\"font-size: 75%;\">K\u00edch th\u01b0\u1edbc\/M\u00e0u s\u1eafc: T\u00f9y ch\u1ec9nh m\u1ecdi k\u00edch th\u01b0\u1edbc, h\u00ecnh d\u1ea1ng, m\u00e0u s\u1eafc<\/span><br \/>\n<span style=\"font-size: 75%;\">C\u00e1ch s\u1eed d\u1ee5ng:Thi\u1ebft b\u1ecb gia d\u1ee5ng, s\u1ea3n ph\u1ea9m \u0111i\u1ec7n t\u1eed, h\u1ed9p qu\u00e0 t\u1eb7ng \u0111\u00f3ng g\u00f3i, m\u00e1y m\u00f3c v\u00e0 nhi\u1ec1u l\u0129nh v\u1ef1c kh\u00e1c<\/span><br \/>\n<span style=\"font-size: 75%;\">Thanh to\u00e1n: T\/T 30% d\u01b0\u1edbi d\u1ea1ng ti\u1ec1n g\u1eedi v\u00e0 s\u1ed1 d\u01b0 tr\u01b0\u1edbc khi giao h\u00e0ng<\/span><br \/>\n<span style=\"font-size: 75%;\">\u0110\u00f3ng g\u00f3i: T\u00fai g\u00f3i OPP<\/span><br \/>\n<span style=\"font-size: 75%;\">L\u00f4 h\u00e0ng: B\u1eb1ng \u0111\u01b0\u1eddng bi\u1ec3n, \u0111\u01b0\u1eddng h\u00e0ng kh\u00f4ng, DHL ho\u1eb7c UPS ho\u1eb7c chuy\u1ec3n ph\u00e1t nhanh kh\u00e1c<\/span><br \/>\n<span style=\"font-size: 75%;\">Th\u1eddi h\u1ea1n thanh to\u00e1n: Thanh to\u00e1n b\u1eb1ng th\u1ebb t\u00edn d\u1ee5ng, Paypal, Chuy\u1ec3n kho\u1ea3n ng\u00e2n h\u00e0ng, Western Union, L\/C, T\/T, l\u1ec7nh b\u1ea3o \u0111\u1ea3m th\u01b0\u01a1ng m\u1ea1i c\u1ee7a Alibaba, v.v.<\/span><br \/>\n<span style=\"font-size: 75%;\">\u0110\u1ecbnh d\u1ea1ng t\u00e1c ph\u1ea9m ngh\u1ec7 thu\u1eadt: AI, PDF, CDR, CAD ho\u1eb7c c\u00e1c \u0111\u1ecbnh d\u1ea1ng kh\u00e1c<\/span><\/h2>\n<h2><img data-recalc-dims=\"1\" decoding=\"async\" class=\"alignnone wp-image-1418 size-full\" src=\"https:\/\/i0.wp.com\/jttlogos.com\/wp-content\/uploads\/2020\/06\/3D-metal-sticker-7.jpg?resize=600%2C450&#038;ssl=1\" alt=\"Huy hi\u1ec7u \u00f4 t\u00f4 t\u1ef1 \u0111\u1ed9ng b\u1eb1ng kim lo\u1ea1i Niken 3D t\u00f9y ch\u1ec9nh\" width=\"600\" height=\"450\" title=\"\"><\/h2>\n<h2 id=\"why-choose-us\">T\u1ea1i sao n\u00ean ch\u1ecdn mi\u1ebfng d\u00e1n kim lo\u1ea1i 3D \u0111\u1ec3 l\u00e0m huy hi\u1ec7u xe?<\/h2>\n<p>Khi n\u00f3i \u0111\u1ebfn <strong>huy hi\u1ec7u xe<\/strong>, \u0111\u1ed9 b\u1ec1n c\u0169ng quan tr\u1ecdng nh\u01b0 t\u00ednh th\u1ea9m m\u1ef9. <strong>Chrome badges for cars<\/strong> ph\u1ea3i ch\u1ecbu \u0111\u01b0\u1ee3c tia c\u1ef1c t\u00edm, r\u1eeda xe v\u00e0 bi\u1ebfn \u0111\u1ed9ng nhi\u1ec7t \u0111\u1ed9.<\/p>\n<div style=\"display: flex; flex-wrap: wrap; gap: 20px; margin: 20px 0;\">\n<div style=\"flex: 1; min-width: 280px; padding: 20px; border-radius: 10px; background-color: #f9f9f9; border-top: 5px solid #007bff; box-shadow: 0 4px 6px rgba(0,0,0,0.1);\">\n<h3 style=\"margin-top: 0; color: #007bff;\">High-End Texture<\/h3>\n<p>Our <strong>xe ph\u00f9 hi\u1ec7u t\u00f9y ch\u1ec9nh<\/strong> solutions provide a distinct 3D visual impact. Unlike flat stickers, these look like original, built-in components of the vehicle, adding an instant sense of luxury.<\/p>\n<\/div>\n<div style=\"flex: 1; min-width: 280px; padding: 20px; border-radius: 10px; background-color: #f9f9f9; border-top: 5px solid #28a745; box-shadow: 0 4px 6px rgba(0,0,0,0.1);\">\n<h3 style=\"margin-top: 0; color: #28a745;\">\u0110\u1ed9 b\u1ec1n c\u1ef1c cao<\/h3>\n<p>\u0110\u01b0\u1ee3c l\u00e0m t\u1eeb niken cao c\u1ea5p, nh\u1eefng <strong>huy hi\u1ec7u t\u00f9y ch\u1ec9nh cho xe \u00f4 t\u00f4<\/strong> kh\u00f4ng th\u1ea5m n\u01b0\u1edbc v\u00e0 ch\u1ed1ng m\u00e0i m\u00f2n. Ch\u00fang duy tr\u00ec \u0111\u1ed9 b\u00f3ng kim lo\u1ea1i r\u1ef1c r\u1ee1 ngay c\u1ea3 trong m\u00f4i tr\u01b0\u1eddng ngo\u00e0i tr\u1eddi kh\u1eafc nghi\u1ec7t.<\/p>\n<\/div>\n<\/div>\n<p><img data-recalc-dims=\"1\" decoding=\"async\" class=\"alignnone wp-image-5947 size-full\" src=\"https:\/\/i0.wp.com\/jttlogos.com\/wp-content\/uploads\/2020\/06\/%E5%BE%AE%E4%BF%A1%E5%9B%BE%E7%89%87_20260313154820_91_1045.webp?resize=1000%2C470&#038;ssl=1\" alt=\"Quy tr\u00ecnh s\u1ea3n xu\u1ea5t \u0111i\u1ec7n h\u00f3a cho bi\u1ec3u t\u01b0\u1ee3ng \u00f4 t\u00f4\" width=\"1000\" height=\"470\" title=\"\" srcset=\"https:\/\/i0.wp.com\/jttlogos.com\/wp-content\/uploads\/2020\/06\/%E5%BE%AE%E4%BF%A1%E5%9B%BE%E7%89%87_20260313154820_91_1045.webp?w=1000&amp;ssl=1 1000w, https:\/\/i0.wp.com\/jttlogos.com\/wp-content\/uploads\/2020\/06\/%E5%BE%AE%E4%BF%A1%E5%9B%BE%E7%89%87_20260313154820_91_1045.webp?resize=800%2C376&amp;ssl=1 800w, https:\/\/i0.wp.com\/jttlogos.com\/wp-content\/uploads\/2020\/06\/%E5%BE%AE%E4%BF%A1%E5%9B%BE%E7%89%87_20260313154820_91_1045.webp?resize=768%2C361&amp;ssl=1 768w, https:\/\/i0.wp.com\/jttlogos.com\/wp-content\/uploads\/2020\/06\/%E5%BE%AE%E4%BF%A1%E5%9B%BE%E7%89%87_20260313154820_91_1045.webp?resize=18%2C8&amp;ssl=1 18w, https:\/\/i0.wp.com\/jttlogos.com\/wp-content\/uploads\/2020\/06\/%E5%BE%AE%E4%BF%A1%E5%9B%BE%E7%89%87_20260313154820_91_1045.webp?resize=510%2C240&amp;ssl=1 510w\" sizes=\"(max-width: 1000px) 100vw, 1000px\" \/><\/p>\n<h2 id=\"production-process\">Khoa h\u1ecdc v\u1ec1 \u0111i\u1ec7n h\u00f3a: C\u00e1ch ch\u00fang t\u00f4i t\u1ea1o ra bi\u1ec3u t\u01b0\u1ee3ng v\u00e0 huy hi\u1ec7u \u00f4 t\u00f4 t\u00f9y ch\u1ec9nh<\/h2>\n<div style=\"padding: 25px; background-color: #eef6ff; border-left: 6px solid #0056b3; border-radius: 4px; margin: 20px 0;\">\n<h3 style=\"margin-top: 0;\">\u0110i\u1ec3m ki\u1ebfn \u200b\u200bth\u1ee9c: Qu\u00e1 tr\u00ecnh m\u1ea1 \u0111i\u1ec7n<\/h3>\n<p>Vi\u1ec7c t\u1ea1o ra m\u1ed9t <strong>bi\u1ec3u t\u01b0\u1ee3ng xe h\u01a1i huy hi\u1ec7u xe h\u01a1i<\/strong> l\u00e0 m\u1ed9t h\u00e0nh tr\u00ecnh t\u1ec9 m\u1ec9 c\u1ee7a h\u00f3a h\u1ecdc v\u00e0 k\u1ef9 thu\u1eadt:<\/p>\n<ol>\n<li><strong>T\u1ea1o khu\u00f4n:<\/strong> Gia c\u00f4ng CNC ch\u00ednh x\u00e1c \u0111\u1ec3 t\u1ea1o ra thi\u1ebft k\u1ebf t\u1ed5ng th\u1ec3.<\/li>\n<li><strong>\u0110i\u1ec7n h\u00f3a:<\/strong> C\u00e1c ion niken \u0111\u01b0\u1ee3c l\u1eafng \u0111\u1ecdng t\u1eebng l\u1edbp trong b\u1ec3 h\u00f3a ch\u1ea5t \u0111\u1ec3 t\u1ea1o th\u00e0nh nh\u00e3n d\u00e1n.<\/li>\n<li><strong>\u0110\u00e1nh b\u00f3ng:<\/strong> \u0110\u1ea1t \u0111\u01b0\u1ee3c \u0111\u1ed9 ho\u00e0n thi\u1ec7n gi\u1ed1ng nh\u01b0 g\u01b0\u01a1ng nh\u01b0 tr\u00ean <strong>huy hi\u1ec7u xe m\u1ea1 cr\u00f4m<\/strong>.<\/li>\n<li><strong>\u1ee8ng d\u1ee5ng keo:<\/strong> D\u00f9ng keo 3M ch\u00ednh h\u00e3ng \u0111\u1ec3 d\u00e1n v\u0129nh vi\u1ec5n.<\/li>\n<li><strong>QC &amp; \u0110\u00f3ng g\u00f3i:<\/strong> M\u1ed7i m\u1ea3nh \u0111\u01b0\u1ee3c ki\u1ec3m tra c\u00e1c khuy\u1ebft t\u1eadt b\u1ec1 m\u1eb7t tr\u01b0\u1edbc khi \u0111\u01b0\u1ee3c \u0111\u00f3ng g\u00f3i trong t\u00fai OPP.<\/li>\n<\/ol>\n<\/div>\n<h2><img data-recalc-dims=\"1\" decoding=\"async\" class=\"aligncenter wp-image-1417 size-full\" src=\"https:\/\/i0.wp.com\/jttlogos.com\/wp-content\/uploads\/2020\/05\/3D-productive-process.jpg?resize=600%2C600&#038;ssl=1\" alt=\"JTT Logos Quy tr\u00ecnh s\u1ea3n xu\u1ea5t bi\u1ec3u t\u01b0\u1ee3ng v\u00e0 huy hi\u1ec7u \u00f4 t\u00f4\" width=\"600\" height=\"600\" title=\"\"><\/h2>\n<h2 id=\"application-guide\">C\u00e1ch \u00e1p d\u1ee5ng huy hi\u1ec7u \u00f4 t\u00f4 t\u00f9y ch\u1ec9nh c\u1ee7a b\u1ea1n<\/h2>\n<p>Proper installation ensures your <strong>bi\u1ec3u t\u01b0\u1ee3ng v\u00e0 ph\u00f9 hi\u1ec7u \u00f4 t\u00f4<\/strong> gi\u1eef an to\u00e0n trong nhi\u1ec1u n\u0103m. H\u00e3y l\u00e0m theo c\u00e1c b\u01b0\u1edbc chuy\u00ean m\u00f4n sau:<\/p>\n<div style=\"background-color: #fff; border: 1px solid #ddd; border-radius: 8px; padding: 20px; margin: 20px 0;\">\n<ul style=\"list-style: none; padding: 0;\">\n<li style=\"margin-bottom: 10px;\"><strong>B\u01b0\u1edbc 1:<\/strong> L\u00e0m s\u1ea1ch b\u1ec1 m\u1eb7t b\u1eb1ng v\u1ea3i kh\u00f4 ho\u1eb7c c\u1ed3n c\u00f4ng nghi\u1ec7p \u0111\u1ec3 lo\u1ea1i b\u1ecf d\u1ea7u.<\/li>\n<li style=\"margin-bottom: 10px;\"><strong>B\u01b0\u1edbc 2:<\/strong> B\u00f3c gi\u1ea5y nh\u1ea3 ph\u00eda sau (c\u1ea9n th\u1eadn kh\u00f4ng th\u00e1o m\u00e0ng chuy\u1ec3n ph\u00eda tr\u01b0\u1edbc).<\/li>\n<li style=\"margin-bottom: 10px;\"><strong>B\u01b0\u1edbc 3:<\/strong> Position the <strong>custom chrome badges for cars<\/strong> v\u00e0 \u1ea5n m\u1ea1nh.<\/li>\n<li style=\"margin-bottom: 10px;\"><strong>B\u01b0\u1edbc 4:<\/strong> S\u1eed d\u1ee5ng m\u1ed9t mi\u1ebfng v\u1ea3i \u0111\u1ec3 l\u00e0m ph\u1eb3ng b\u1ea5t k\u1ef3 b\u1ecdt kh\u00ed n\u00e0o.<\/li>\n<li style=\"margin-bottom: 10px;\"><strong>B\u01b0\u1edbc 5:<\/strong> Peel off the protective surface film at a 45-degree angle.<\/li>\n<\/ul>\n<\/div>\n<h2 id=\"diverse-applications\">Ngo\u00e0i \u0111\u01b0\u1eddng: N\u01a1i s\u1eed d\u1ee5ng Huy hi\u1ec7u xe Chrome<\/h2>\n<p>Trong khi tr\u1ecdng t\u00e2m ch\u00ednh c\u1ee7a ch\u00fang t\u00f4i l\u00e0 <strong>ph\u00f9 hi\u1ec7u xe t\u00f9y ch\u1ec9nh cho xe t\u1ea3i<\/strong> v\u00e0 xe ch\u1edf kh\u00e1ch, t\u00ednh linh ho\u1ea1t c\u1ee7a nh\u00e3n d\u00e1n kim lo\u1ea1i 3D c\u1ee7a ch\u00fang t\u00f4i m\u1edf r\u1ed9ng sang nhi\u1ec1u ng\u00e0nh:<\/p>\n<ul>\n<li><strong>Automotive:<\/strong> C\u1ed1p sau, n\u1eafp x\u0103ng, b\u1ea3ng \u0111i\u1ec1u khi\u1ec3n n\u1ed9i th\u1ea5t v\u00e0 vi\u1ec1n c\u1eeda s\u1ed5.<\/li>\n<li><strong>Electronics:<\/strong> Premium logos for laptops (think Samsung\/Lenovo), phone cases, and high-end audio equipment.<\/li>\n<li><strong>Luxury Packaging:<\/strong> In n\u1ed5i th\u01b0\u01a1ng hi\u1ec7u cho chai r\u01b0\u1ee3u, n\u01b0\u1edbc hoa v\u00e0 h\u1ed9p trang s\u1ee9c.<\/li>\n<li><strong>D\u1ee5ng c\u1ee5 th\u1ec3 thao:<\/strong> X\u00e2y d\u1ef1ng th\u01b0\u01a1ng hi\u1ec7u t\u00f9y ch\u1ec9nh cho g\u1eady \u0111\u00e1nh g\u00f4n, khung xe \u0111\u1ea1p v\u00e0 m\u0169 b\u1ea3o hi\u1ec3m.<\/li>\n<\/ul>\n<p><img data-recalc-dims=\"1\" decoding=\"async\" class=\"aligncenter wp-image-1417 size-full\" src=\"https:\/\/i0.wp.com\/jttlogos.com\/wp-content\/uploads\/2020\/05\/JTT-application-scenarios.jpg?resize=600%2C600&#038;ssl=1\" alt=\"\u1ee9ng d\u1ee5ng huy hi\u1ec7u xe 3D chrome\" width=\"600\" height=\"600\" title=\"\"><\/p>\n<div style=\"background-color: #333; color: #fff; padding: 25px; border-radius: 10px; margin: 30px 0;\">\n<h2 style=\"color: #fff; margin-top: 0;\">JttLogos: \u0110\u1ed1i t\u00e1c \u0111\u00e1ng tin c\u1eady c\u1ee7a b\u1ea1n trong l\u0129nh v\u1ef1c x\u00e2y d\u1ef1ng th\u01b0\u01a1ng hi\u1ec7u kim lo\u1ea1i<\/h2>\n<p>V\u1edbi h\u01a1n 16 n\u0103m kinh nghi\u1ec7m, JttLogos kh\u00f4ng ch\u1ec9 l\u00e0 m\u1ed9t nh\u00e0 s\u1ea3n xu\u1ea5t. Ch\u00fang t\u00f4i l\u00e0 nh\u00e0 cung c\u1ea5p gi\u1ea3i ph\u00e1p cho c\u00e1c th\u01b0\u01a1ng hi\u1ec7u nh\u01b0 <strong>Tesla, Haier v\u00e0 Panasonic<\/strong>. Cam k\u1ebft c\u1ee7a ch\u00fang t\u00f4i \u0111\u1ed1i v\u1edbi nguy\u00ean t\u1eafc \u201cE-E-A-T\u201d \u0111\u1ea3m b\u1ea3o b\u1ea1n nh\u1eadn \u0111\u01b0\u1ee3c nh\u1eefng s\u1ea3n ph\u1ea9m kh\u00f4ng ch\u1ec9 \u0111\u1eb9p m\u00e0 c\u00f2n v\u01b0\u1ee3t tr\u1ed9i v\u1ec1 m\u1eb7t k\u1ef9 thu\u1eadt.<\/p>\n<p><strong>\u01afu \u0111i\u1ec3m c\u1ed1t l\u00f5i c\u1ee7a ch\u00fang t\u00f4i:<\/strong><\/p>\n<ul style=\"color: #ccc;\">\n<li>Gi\u00e1 b\u00e1n bu\u00f4n c\u1ea1nh tranh nh\u1ea5t tr\u1ef1c ti\u1ebfp t\u1eeb nh\u00e0 m\u00e1y Trung Qu\u1ed1c.<\/li>\n<li>H\u1ec7 th\u1ed1ng QC nghi\u00eam ng\u1eb7t tu\u00e2n th\u1ee7 SGS v\u00e0 ROHS.<\/li>\n<li>Giao h\u00e0ng nhanh: m\u1eabu 1 ng\u00e0y, s\u1ea3n xu\u1ea5t h\u00e0ng lo\u1ea1t 10-15 ng\u00e0y.<\/li>\n<li>\u0110\u1ea3m b\u1ea3o kh\u00f4ng l\u00e3ng ph\u00ed: S\u1ef1 h\u00e0i l\u00f2ng 100% tr\u00ean m\u1ed7i \u0111\u01a1n h\u00e0ng.<\/li>\n<\/ul>\n<\/div>\n<h2><img data-recalc-dims=\"1\" decoding=\"async\" class=\"aligncenter wp-image-1417 size-full\" src=\"https:\/\/i0.wp.com\/jttlogos.com\/wp-content\/uploads\/2020\/05\/jtt-company-advantage-1.jpg?resize=600%2C600&#038;ssl=1\" alt=\"4 c\u1ed1t l\u00f5i c\u1ee7a logo JTT v\u1ec1 Huy hi\u1ec7u \u00f4 t\u00f4\" width=\"600\" height=\"600\" title=\"\"><\/h2>\n<h2 id=\"faq\">C\u00e2u h\u1ecfi th\u01b0\u1eddng g\u1eb7p v\u1ec1 Huy hi\u1ec7u \u00f4 t\u00f4<\/h2>\n<div style=\"margin: 20px 0;\">\n<div style=\"margin-bottom: 15px; border-bottom: 1px solid #eee; padding-bottom: 10px;\">\n<p><strong>H\u1ecfi: Nh\u1eefng huy hi\u1ec7u n\u00e0y c\u00f3 th\u1ef1c s\u1ef1 ch\u1ed1ng th\u1ea5m n\u01b0\u1edbc khi s\u1eed d\u1ee5ng tr\u00ean \u00f4 t\u00f4 ngo\u00e0i tr\u1eddi kh\u00f4ng?<\/strong><\/p>\n<p>\u0110: V\u00e2ng. C\u1ee7a ch\u00fang t\u00f4i <strong>huy hi\u1ec7u xe chrome<\/strong> l\u1edbp ho\u00e0n thi\u1ec7n \u0111\u1ea1t \u0111\u01b0\u1ee3c th\u00f4ng qua m\u1ea1 niken, c\u00f3 kh\u1ea3 n\u0103ng ch\u1ed1ng \u0103n m\u00f2n v\u00e0 \u0111\u1ed9 \u1ea9m m\u1ed9t c\u00e1ch t\u1ef1 nhi\u00ean. K\u1ebft h\u1ee3p v\u1edbi ch\u1ea5t k\u1ebft d\u00ednh 3M d\u00e0nh cho \u00f4 t\u00f4, ch\u00fang \u0111\u01b0\u1ee3c thi\u1ebft k\u1ebf \u0111\u1ec3 s\u1eed d\u1ee5ng ngo\u00e0i tr\u1eddi l\u00e2u d\u00e0i.<\/p>\n<\/div>\n<div style=\"margin-bottom: 15px; border-bottom: 1px solid #eee; padding-bottom: 10px;\">\n<p><strong>H\u1ecfi: T\u00f4i c\u00f3 th\u1ec3 \u0111\u1eb7t h\u00e0ng m\u1ed9t h\u00ecnh d\u1ea1ng ho\u00e0n to\u00e0n t\u00f9y ch\u1ec9nh cho huy hi\u1ec7u xe t\u1ea3i c\u1ee7a m\u00ecnh kh\u00f4ng?<\/strong><\/p>\n<p>\u0110: Ch\u1eafc ch\u1eafn r\u1ed3i. Ch\u00fang t\u00f4i chuy\u00ean v\u1ec1 <strong>ph\u00f9 hi\u1ec7u xe t\u00f9y ch\u1ec9nh cho xe t\u1ea3i<\/strong>. B\u1ea1n cung c\u1ea5p t\u00e1c ph\u1ea9m ngh\u1ec7 thu\u1eadt AI ho\u1eb7c PDF v\u00e0 ch\u00fang t\u00f4i t\u1ea1o khu\u00f4n t\u00f9y ch\u1ec9nh \u0111\u1ec3 ph\u00f9 h\u1ee3p v\u1edbi th\u00f4ng s\u1ed1 k\u1ef9 thu\u1eadt ch\u00ednh x\u00e1c c\u1ee7a b\u1ea1n.<\/p>\n<\/div>\n<div style=\"margin-bottom: 15px; border-bottom: 1px solid #eee; padding-bottom: 10px;\">\n<p><strong>H\u1ecfi: \u0110\u1ed9 d\u00e0y t\u1ed1i thi\u1ec3u cho hi\u1ec7u \u1ee9ng 3D l\u00e0 bao nhi\u00eau?<\/strong><\/p>\n<p>\u0110\u00e1p: H\u1ea7u h\u1ebft <strong>ph\u00f9 hi\u1ec7u xe t\u00f9y ch\u1ec9nh<\/strong> b\u1eaft \u0111\u1ea7u \u1edf m\u1ee9c 0,45 mm \u0111\u1ec3 c\u00f3 c\u1ea3m gi\u00e1c 3D tinh t\u1ebf, nh\u01b0ng ch\u00fang ta c\u00f3 th\u1ec3 t\u0103ng l\u00ean 10 mm \u0111\u1ec3 c\u00f3 ki\u1ec3u d\u00e1ng n\u1ed5i n\u1eb7ng n\u1ec1, cao c\u1ea5p.<\/p>\n<\/div>\n<\/div>\n<p style=\"text-align: center; margin-top: 40px;\"><a style=\"background-color: #d32f2f; color: white; padding: 15px 30px; text-decoration: none; border-radius: 5px; font-weight: bold; font-size: 1.2em;\" href=\"https:\/\/jttlogos.com\/vi\/lien-he-chung-toi\/\">Get a Quote for Custom Car Badges Today<\/a><\/p>\n<\/article>","protected":false},"excerpt":{"rendered":"<p>JTT l\u00e0 nh\u00e0 cung c\u1ea5p v\u00e0 s\u1ea3n xu\u1ea5t h\u00e0ng \u0111\u1ea7u th\u1ebf gi\u1edbi v\u1ec1 Nh\u00e3n d\u00e1n kim lo\u1ea1i, Nh\u00e3n d\u00e1n kim lo\u1ea1i niken, Nh\u00e3n d\u00e1n kim lo\u1ea1i th\u00e9p kh\u00f4ng g\u1ec9, Nh\u00e3n d\u00e1n kim lo\u1ea1i 3D, Nh\u00e3n d\u00e1n kim lo\u1ea1i loa l\u01b0\u1edbi, chuy\u00ean v\u1ec1 ng\u00e0nh n\u00e0y h\u01a1n 14 n\u0103m.<\/p>\n<p>Gi\u00e1 c\u1ee5 th\u1ec3 \u0111\u01b0\u1ee3c x\u00e1c \u0111\u1ecbnh b\u1edfi s\u1ea3n ph\u1ea9m.<\/p>","protected":false},"featured_media":3910,"comment_status":"open","ping_status":"closed","template":"","meta":[],"product_brand":[],"product_cat":[53,953],"product_tag":[],"class_list":{"0":"post-4014","1":"product","2":"type-product","3":"status-publish","4":"has-post-thumbnail","6":"product_cat-3d-metal-sticker","7":"product_cat-car-flags-metal-sticker","9":"first","10":"instock","11":"shipping-taxable","12":"product-type-simple"},"jetpack-related-posts":[],"jetpack_sharing_enabled":true,"_links":{"self":[{"href":"https:\/\/jttlogos.com\/vi\/wp-json\/wp\/v2\/product\/4014","targetHints":{"allow":["GET"]}}],"collection":[{"href":"https:\/\/jttlogos.com\/vi\/wp-json\/wp\/v2\/product"}],"about":[{"href":"https:\/\/jttlogos.com\/vi\/wp-json\/wp\/v2\/types\/product"}],"replies":[{"embeddable":true,"href":"https:\/\/jttlogos.com\/vi\/wp-json\/wp\/v2\/comments?post=4014"}],"wp:featuredmedia":[{"embeddable":true,"href":"https:\/\/jttlogos.com\/vi\/wp-json\/wp\/v2\/media\/3910"}],"wp:attachment":[{"href":"https:\/\/jttlogos.com\/vi\/wp-json\/wp\/v2\/media?parent=4014"}],"wp:term":[{"taxonomy":"product_brand","embeddable":true,"href":"https:\/\/jttlogos.com\/vi\/wp-json\/wp\/v2\/product_brand?post=4014"},{"taxonomy":"product_cat","embeddable":true,"href":"https:\/\/jttlogos.com\/vi\/wp-json\/wp\/v2\/product_cat?post=4014"},{"taxonomy":"product_tag","embeddable":true,"href":"https:\/\/jttlogos.com\/vi\/wp-json\/wp\/v2\/product_tag?post=4014"}],"curies":[{"name":"wp","href":"https:\/\/api.w.org\/{rel}","templated":true}]}}